{"id":162,"date":"2024-02-28T20:32:51","date_gmt":"2024-02-28T19:32:51","guid":{"rendered":"https:\/\/www.foab.se\/nynoctu\/?page_id=162"},"modified":"2024-04-02T15:56:19","modified_gmt":"2024-04-02T13:56:19","slug":"anlaggningsexempel","status":"publish","type":"page","link":"https:\/\/www.foab.se\/noctu\/index.php\/anlaggningsexempel\/","title":{"rendered":"Anl\u00e4ggningsexempel"},"content":{"rendered":"\n<hr class=\"wp-block-separator alignwide has-text-color has-base-2-color has-alpha-channel-opacity has-base-2-background-color has-background is-style-wide\" style=\"margin-top:0;margin-bottom:0\"\/>\n\n\n\n<div class=\"wp-block-group alignfull has-accent-5-background-color has-background has-global-padding is-layout-constrained wp-block-group-is-layout-constrained\" style=\"margin-top:0;margin-bottom:0;padding-top:var(--wp--preset--spacing--50);padding-right:var(--wp--preset--spacing--50);padding-bottom:var(--wp--preset--spacing--50);padding-left:var(--wp--preset--spacing--50)\">\n<div class=\"wp-block-group alignwide has-global-padding is-layout-constrained wp-container-core-group-layout-1 wp-block-group-is-layout-constrained\">\n<div class=\"wp-block-columns alignwide is-layout-flex wp-container-core-columns-layout-1 wp-block-columns-is-layout-flex\">\n<div class=\"wp-block-column is-layout-flow wp-block-column-is-layout-flow\" style=\"flex-basis:50%\">\n<figure class=\"wp-block-image size-large is-style-rounded\"><img loading=\"lazy\" decoding=\"async\" width=\"1024\" height=\"683\" src=\"https:\/\/www.foab.se\/noctu\/wp-content\/uploads\/2024\/03\/shutterstock_2359117283-scaled-1-1024x683.jpg\" alt=\"\" class=\"wp-image-285\" srcset=\"https:\/\/www.foab.se\/noctu\/wp-content\/uploads\/2024\/03\/shutterstock_2359117283-scaled-1-1024x683.jpg 1024w, https:\/\/www.foab.se\/noctu\/wp-content\/uploads\/2024\/03\/shutterstock_2359117283-scaled-1-300x200.jpg 300w, https:\/\/www.foab.se\/noctu\/wp-content\/uploads\/2024\/03\/shutterstock_2359117283-scaled-1-768x512.jpg 768w, https:\/\/www.foab.se\/noctu\/wp-content\/uploads\/2024\/03\/shutterstock_2359117283-scaled-1-1536x1024.jpg 1536w, https:\/\/www.foab.se\/noctu\/wp-content\/uploads\/2024\/03\/shutterstock_2359117283-scaled-1-2048x1366.jpg 2048w\" sizes=\"(max-width: 1024px) 100vw, 1024px\" \/><\/figure>\n<\/div>\n\n\n\n<div class=\"wp-block-column is-vertically-aligned-center is-layout-flow wp-block-column-is-layout-flow\" style=\"flex-basis:40%\">\n<h3 class=\"wp-block-heading is-style-default has-body-font-family\"><strong>Kommun och fastighetsbolag<\/strong><\/h3>\n\n\n\n<ul>\n<li>En Noctuserver \u00e4r installerad i en virtuell milj\u00f6 som tillhandah\u00e5lls av IT-avdelningen. S\u00e4kerhetsansvarig har en egen inloggning f\u00f6r att kunna administrera Noctu p\u00e5 servern.<br><\/li>\n\n\n\n<li>Varje fastighet har ett eget brandlarm med en panel samt inbrottslarm med en central och knappsats vid entr\u00e9n. Kortl\u00e4sare i fastigheterna \u00e4r kopplade till en central passageserver via n\u00e4tverket.<br><\/li>\n\n\n\n<li>Alla fastigheter \u00e4r styrbara fr\u00e5n Noctu som anv\u00e4nds f\u00f6r att schemal\u00e4gga inbrottslarm och d\u00f6rrar vid uthyrning av lokaler.<br><\/li>\n\n\n\n<li>Smutsighetsv\u00e4rden p\u00e5 r\u00f6kdetektorer \u00f6vervakas fr\u00e5n Noctu och vid hetarbeten kan de enkelt kopplas fr\u00e5n av tekniker som inte beh\u00f6ver \u00e5ka ut till en fastighet, vilket sparar mycket tid.<br><\/li>\n\n\n\n<li>Statistik fr\u00e5n brandlarmen anv\u00e4nds f\u00f6r att utreda sabotage och on\u00f6diga falsklarm. N\u00e5got som sparar stora kostnader vid utryckning.<\/li>\n<\/ul>\n<\/div>\n<\/div>\n<\/div>\n<\/div>\n\n\n\n<hr class=\"wp-block-separator alignwide has-text-color has-base-2-color has-alpha-channel-opacity has-base-2-background-color has-background is-style-wide\" style=\"margin-top:0;margin-bottom:0\"\/>\n\n\n\n<div class=\"wp-block-group alignfull has-background has-global-padding is-layout-constrained wp-block-group-is-layout-constrained\" style=\"background-color:#ffffff;margin-top:0;margin-bottom:0;padding-top:var(--wp--preset--spacing--50);padding-right:var(--wp--preset--spacing--50);padding-bottom:var(--wp--preset--spacing--50);padding-left:var(--wp--preset--spacing--50)\">\n<div class=\"wp-block-group alignwide has-global-padding is-layout-constrained wp-container-core-group-layout-3 wp-block-group-is-layout-constrained\">\n<div class=\"wp-block-columns alignwide is-layout-flex wp-container-core-columns-layout-2 wp-block-columns-is-layout-flex\">\n<div class=\"wp-block-column is-vertically-aligned-center is-layout-flow wp-block-column-is-layout-flow\" style=\"flex-basis:40%\">\n<h3 class=\"wp-block-heading is-style-default has-body-font-family\"><strong>St\u00f6rre industri<\/strong><\/h3>\n\n\n\n<ul>\n<li>En Noctuserver \u00e4r installerad i en virtuell milj\u00f6 som tillhandah\u00e5lls av IT-avdelningen. S\u00e4kerhetsansvarig har en egen inloggning f\u00f6r att kunna administrera Noctu p\u00e5 servern.<br>   <\/li>\n\n\n\n<li>Den interna r\u00e4ddningstj\u00e4nsten anv\u00e4nder Noctuklienter f\u00f6r att \u00f6vervaka brandlarm och utf\u00f6ra fr\u00e5nkopplingar av r\u00f6kdetekorer inf\u00f6r hetarbeten. Det stora antalet utf\u00f6rs som tidsfr\u00e5nkopplingar s\u00e5 att inga tillkopplingar missas. Tack vare Noctus inbyggda funktion f\u00f6r tidsstyrningar kan \u00e4ven \u00e4ldre brandlarmssystem anv\u00e4ndas.<br>   <\/li>\n\n\n\n<li>I vaktkuren anv\u00e4nds Noctu f\u00f6r att \u00f6vervaka d\u00f6rrar och kameror. V\u00e4ktarna f\u00e5r en tydlig \u00f6verblick och kan l\u00e4tt identifiera inbrottsf\u00f6rs\u00f6k.<\/li>\n<\/ul>\n<\/div>\n\n\n\n<div class=\"wp-block-column is-layout-flow wp-block-column-is-layout-flow\" style=\"flex-basis:50%\">\n<figure class=\"wp-block-image size-large is-style-rounded\"><img loading=\"lazy\" decoding=\"async\" width=\"1024\" height=\"683\" src=\"https:\/\/www.foab.se\/noctu\/wp-content\/uploads\/2024\/03\/shutterstock_305983283-scaled-1-1024x683.jpg\" alt=\"\" class=\"wp-image-286\" srcset=\"https:\/\/www.foab.se\/noctu\/wp-content\/uploads\/2024\/03\/shutterstock_305983283-scaled-1-1024x683.jpg 1024w, https:\/\/www.foab.se\/noctu\/wp-content\/uploads\/2024\/03\/shutterstock_305983283-scaled-1-300x200.jpg 300w, https:\/\/www.foab.se\/noctu\/wp-content\/uploads\/2024\/03\/shutterstock_305983283-scaled-1-768x512.jpg 768w, https:\/\/www.foab.se\/noctu\/wp-content\/uploads\/2024\/03\/shutterstock_305983283-scaled-1-1536x1024.jpg 1536w, https:\/\/www.foab.se\/noctu\/wp-content\/uploads\/2024\/03\/shutterstock_305983283-scaled-1-2048x1366.jpg 2048w\" sizes=\"(max-width: 1024px) 100vw, 1024px\" \/><\/figure>\n<\/div>\n<\/div>\n<\/div>\n<\/div>\n\n\n\n<hr class=\"wp-block-separator alignwide has-text-color has-base-2-color has-alpha-channel-opacity has-base-2-background-color has-background is-style-wide\" style=\"margin-top:0;margin-bottom:0\"\/>\n\n\n\n<div class=\"wp-block-group alignfull has-accent-5-background-color has-background has-global-padding is-layout-constrained wp-block-group-is-layout-constrained\" style=\"margin-top:0;margin-bottom:0;padding-top:var(--wp--preset--spacing--50);padding-right:var(--wp--preset--spacing--50);padding-bottom:var(--wp--preset--spacing--50);padding-left:var(--wp--preset--spacing--50)\">\n<div class=\"wp-block-group alignwide has-global-padding is-layout-constrained wp-container-core-group-layout-5 wp-block-group-is-layout-constrained\">\n<div class=\"wp-block-columns alignwide is-layout-flex wp-container-core-columns-layout-3 wp-block-columns-is-layout-flex\">\n<div class=\"wp-block-column is-layout-flow wp-block-column-is-layout-flow\" style=\"flex-basis:50%\">\n<figure class=\"wp-block-image size-large is-style-rounded\"><img loading=\"lazy\" decoding=\"async\" width=\"1024\" height=\"676\" src=\"https:\/\/www.foab.se\/noctu\/wp-content\/uploads\/2024\/03\/shutterstock_796346002-scaled-1-1024x676.jpg\" alt=\"\" class=\"wp-image-287\" srcset=\"https:\/\/www.foab.se\/noctu\/wp-content\/uploads\/2024\/03\/shutterstock_796346002-scaled-1-1024x676.jpg 1024w, https:\/\/www.foab.se\/noctu\/wp-content\/uploads\/2024\/03\/shutterstock_796346002-scaled-1-300x198.jpg 300w, https:\/\/www.foab.se\/noctu\/wp-content\/uploads\/2024\/03\/shutterstock_796346002-scaled-1-768x507.jpg 768w, https:\/\/www.foab.se\/noctu\/wp-content\/uploads\/2024\/03\/shutterstock_796346002-scaled-1-1536x1013.jpg 1536w, https:\/\/www.foab.se\/noctu\/wp-content\/uploads\/2024\/03\/shutterstock_796346002-scaled-1-2048x1351.jpg 2048w\" sizes=\"(max-width: 1024px) 100vw, 1024px\" \/><\/figure>\n<\/div>\n\n\n\n<div class=\"wp-block-column is-vertically-aligned-center is-layout-flow wp-block-column-is-layout-flow\" style=\"flex-basis:40%\">\n<h3 class=\"wp-block-heading is-style-default has-body-font-family\"><strong>Mindre f\u00f6retag och enskilda fastigheter<\/strong><\/h3>\n\n\n\n<ul>\n<li>Inbrottslarm, som \u00e4ven har r\u00f6kdetektorer, \u00e4r kopplat till en Noctu molnserver. Personal p\u00e5 f\u00f6retaget kan fr\u00e5n- och tillkoppla inbrottslarmet via app och f\u00e5r \u00e4ven brandvarning fr\u00e5n r\u00f6kdetektorerna.<\/li>\n\n\n\n<li>Eftersom f\u00f6retaget redan har alla sina andra system som t.ex. Office 365 och CRM valde de att \u00e4ven anv\u00e4nda sig av Noctu Cloud f\u00f6r att inte beh\u00f6va ansvara f\u00f6r en egen Noctuserver.<\/li>\n<\/ul>\n<\/div>\n<\/div>\n<\/div>\n<\/div>\n","protected":false},"excerpt":{"rendered":"<p>Kommun och fastighetsbolag St\u00f6rre industri Mindre f\u00f6retag och enskilda fastigheter<\/p>\n","protected":false},"author":2,"featured_media":0,"parent":0,"menu_order":0,"comment_status":"closed","ping_status":"closed","template":"","meta":{"om_disable_all_campaigns":false,"_monsterinsights_skip_tracking":false,"_monsterinsights_sitenote_active":false,"_monsterinsights_sitenote_note":"","_monsterinsights_sitenote_category":0,"_uf_show_specific_survey":0,"_uf_disable_surveys":false,"footnotes":""},"aioseo_notices":[],"yoast_head":"<!-- This site is optimized with the Yoast SEO plugin v22.3 - https:\/\/yoast.com\/wordpress\/plugins\/seo\/ -->\n<title>Anl\u00e4ggningsexempel - Noctu<\/title>\n<meta name=\"robots\" content=\"index, follow, max-snippet:-1, max-image-preview:large, max-video-preview:-1\" \/>\n<link rel=\"canonical\" href=\"https:\/\/www.foab.se\/noctu\/index.php\/anlaggningsexempel\/\" \/>\n<meta property=\"og:locale\" content=\"sv_SE\" \/>\n<meta property=\"og:type\" content=\"article\" \/>\n<meta property=\"og:title\" content=\"Anl\u00e4ggningsexempel - Noctu\" \/>\n<meta property=\"og:description\" content=\"Kommun och fastighetsbolag St\u00f6rre industri Mindre f\u00f6retag och enskilda fastigheter\" \/>\n<meta property=\"og:url\" content=\"https:\/\/www.foab.se\/noctu\/index.php\/anlaggningsexempel\/\" \/>\n<meta property=\"og:site_name\" content=\"Noctu\" \/>\n<meta property=\"article:modified_time\" content=\"2024-04-02T13:56:19+00:00\" \/>\n<meta property=\"og:image\" content=\"https:\/\/www.foab.se\/noctu\/wp-content\/uploads\/2024\/03\/shutterstock_2359117283-scaled-1-1024x683.jpg\" \/>\n<meta name=\"twitter:card\" content=\"summary_large_image\" \/>\n<meta name=\"twitter:label1\" content=\"Ber\u00e4knad l\u00e4stid\" \/>\n\t<meta name=\"twitter:data1\" content=\"2 minuter\" \/>\n<script type=\"application\/ld+json\" class=\"yoast-schema-graph\">{\"@context\":\"https:\/\/schema.org\",\"@graph\":[{\"@type\":\"WebPage\",\"@id\":\"https:\/\/www.foab.se\/noctu\/index.php\/anlaggningsexempel\/\",\"url\":\"https:\/\/www.foab.se\/noctu\/index.php\/anlaggningsexempel\/\",\"name\":\"Anl\u00e4ggningsexempel - Noctu\",\"isPartOf\":{\"@id\":\"https:\/\/www.foab.se\/noctu\/#website\"},\"primaryImageOfPage\":{\"@id\":\"https:\/\/www.foab.se\/noctu\/index.php\/anlaggningsexempel\/#primaryimage\"},\"image\":{\"@id\":\"https:\/\/www.foab.se\/noctu\/index.php\/anlaggningsexempel\/#primaryimage\"},\"thumbnailUrl\":\"https:\/\/www.foab.se\/noctu\/wp-content\/uploads\/2024\/03\/shutterstock_2359117283-scaled-1-1024x683.jpg\",\"datePublished\":\"2024-02-28T19:32:51+00:00\",\"dateModified\":\"2024-04-02T13:56:19+00:00\",\"breadcrumb\":{\"@id\":\"https:\/\/www.foab.se\/noctu\/index.php\/anlaggningsexempel\/#breadcrumb\"},\"inLanguage\":\"sv-SE\",\"potentialAction\":[{\"@type\":\"ReadAction\",\"target\":[\"https:\/\/www.foab.se\/noctu\/index.php\/anlaggningsexempel\/\"]}]},{\"@type\":\"ImageObject\",\"inLanguage\":\"sv-SE\",\"@id\":\"https:\/\/www.foab.se\/noctu\/index.php\/anlaggningsexempel\/#primaryimage\",\"url\":\"https:\/\/www.foab.se\/noctu\/wp-content\/uploads\/2024\/03\/shutterstock_2359117283-scaled-1.jpg\",\"contentUrl\":\"https:\/\/www.foab.se\/noctu\/wp-content\/uploads\/2024\/03\/shutterstock_2359117283-scaled-1.jpg\",\"width\":2560,\"height\":1707},{\"@type\":\"BreadcrumbList\",\"@id\":\"https:\/\/www.foab.se\/noctu\/index.php\/anlaggningsexempel\/#breadcrumb\",\"itemListElement\":[{\"@type\":\"ListItem\",\"position\":1,\"name\":\"Home\",\"item\":\"https:\/\/www.foab.se\/noctu\/\"},{\"@type\":\"ListItem\",\"position\":2,\"name\":\"Anl\u00e4ggningsexempel\"}]},{\"@type\":\"WebSite\",\"@id\":\"https:\/\/www.foab.se\/noctu\/#website\",\"url\":\"https:\/\/www.foab.se\/noctu\/\",\"name\":\"Noctu\",\"description\":\"\",\"publisher\":{\"@id\":\"https:\/\/www.foab.se\/noctu\/#organization\"},\"potentialAction\":[{\"@type\":\"SearchAction\",\"target\":{\"@type\":\"EntryPoint\",\"urlTemplate\":\"https:\/\/www.foab.se\/noctu\/?s={search_term_string}\"},\"query-input\":\"required name=search_term_string\"}],\"inLanguage\":\"sv-SE\"},{\"@type\":\"Organization\",\"@id\":\"https:\/\/www.foab.se\/noctu\/#organization\",\"name\":\"Noctu\",\"url\":\"https:\/\/www.foab.se\/noctu\/\",\"logo\":{\"@type\":\"ImageObject\",\"inLanguage\":\"sv-SE\",\"@id\":\"https:\/\/www.foab.se\/noctu\/#\/schema\/logo\/image\/\",\"url\":\"https:\/\/www.foab.se\/noctu\/wp-content\/uploads\/2024\/04\/image-1024x347-1-edited.png\",\"contentUrl\":\"https:\/\/www.foab.se\/noctu\/wp-content\/uploads\/2024\/04\/image-1024x347-1-edited.png\",\"width\":846,\"height\":287,\"caption\":\"Noctu\"},\"image\":{\"@id\":\"https:\/\/www.foab.se\/noctu\/#\/schema\/logo\/image\/\"}}]}<\/script>\n<!-- \/ Yoast SEO plugin. -->","yoast_head_json":{"title":"Anl\u00e4ggningsexempel - Noctu","robots":{"index":"index","follow":"follow","max-snippet":"max-snippet:-1","max-image-preview":"max-image-preview:large","max-video-preview":"max-video-preview:-1"},"canonical":"https:\/\/www.foab.se\/noctu\/index.php\/anlaggningsexempel\/","og_locale":"sv_SE","og_type":"article","og_title":"Anl\u00e4ggningsexempel - Noctu","og_description":"Kommun och fastighetsbolag St\u00f6rre industri Mindre f\u00f6retag och enskilda fastigheter","og_url":"https:\/\/www.foab.se\/noctu\/index.php\/anlaggningsexempel\/","og_site_name":"Noctu","article_modified_time":"2024-04-02T13:56:19+00:00","og_image":[{"url":"https:\/\/www.foab.se\/noctu\/wp-content\/uploads\/2024\/03\/shutterstock_2359117283-scaled-1-1024x683.jpg"}],"twitter_card":"summary_large_image","twitter_misc":{"Ber\u00e4knad l\u00e4stid":"2 minuter"},"schema":{"@context":"https:\/\/schema.org","@graph":[{"@type":"WebPage","@id":"https:\/\/www.foab.se\/noctu\/index.php\/anlaggningsexempel\/","url":"https:\/\/www.foab.se\/noctu\/index.php\/anlaggningsexempel\/","name":"Anl\u00e4ggningsexempel - Noctu","isPartOf":{"@id":"https:\/\/www.foab.se\/noctu\/#website"},"primaryImageOfPage":{"@id":"https:\/\/www.foab.se\/noctu\/index.php\/anlaggningsexempel\/#primaryimage"},"image":{"@id":"https:\/\/www.foab.se\/noctu\/index.php\/anlaggningsexempel\/#primaryimage"},"thumbnailUrl":"https:\/\/www.foab.se\/noctu\/wp-content\/uploads\/2024\/03\/shutterstock_2359117283-scaled-1-1024x683.jpg","datePublished":"2024-02-28T19:32:51+00:00","dateModified":"2024-04-02T13:56:19+00:00","breadcrumb":{"@id":"https:\/\/www.foab.se\/noctu\/index.php\/anlaggningsexempel\/#breadcrumb"},"inLanguage":"sv-SE","potentialAction":[{"@type":"ReadAction","target":["https:\/\/www.foab.se\/noctu\/index.php\/anlaggningsexempel\/"]}]},{"@type":"ImageObject","inLanguage":"sv-SE","@id":"https:\/\/www.foab.se\/noctu\/index.php\/anlaggningsexempel\/#primaryimage","url":"https:\/\/www.foab.se\/noctu\/wp-content\/uploads\/2024\/03\/shutterstock_2359117283-scaled-1.jpg","contentUrl":"https:\/\/www.foab.se\/noctu\/wp-content\/uploads\/2024\/03\/shutterstock_2359117283-scaled-1.jpg","width":2560,"height":1707},{"@type":"BreadcrumbList","@id":"https:\/\/www.foab.se\/noctu\/index.php\/anlaggningsexempel\/#breadcrumb","itemListElement":[{"@type":"ListItem","position":1,"name":"Home","item":"https:\/\/www.foab.se\/noctu\/"},{"@type":"ListItem","position":2,"name":"Anl\u00e4ggningsexempel"}]},{"@type":"WebSite","@id":"https:\/\/www.foab.se\/noctu\/#website","url":"https:\/\/www.foab.se\/noctu\/","name":"Noctu","description":"","publisher":{"@id":"https:\/\/www.foab.se\/noctu\/#organization"},"potentialAction":[{"@type":"SearchAction","target":{"@type":"EntryPoint","urlTemplate":"https:\/\/www.foab.se\/noctu\/?s={search_term_string}"},"query-input":"required name=search_term_string"}],"inLanguage":"sv-SE"},{"@type":"Organization","@id":"https:\/\/www.foab.se\/noctu\/#organization","name":"Noctu","url":"https:\/\/www.foab.se\/noctu\/","logo":{"@type":"ImageObject","inLanguage":"sv-SE","@id":"https:\/\/www.foab.se\/noctu\/#\/schema\/logo\/image\/","url":"https:\/\/www.foab.se\/noctu\/wp-content\/uploads\/2024\/04\/image-1024x347-1-edited.png","contentUrl":"https:\/\/www.foab.se\/noctu\/wp-content\/uploads\/2024\/04\/image-1024x347-1-edited.png","width":846,"height":287,"caption":"Noctu"},"image":{"@id":"https:\/\/www.foab.se\/noctu\/#\/schema\/logo\/image\/"}}]}},"_links":{"self":[{"href":"https:\/\/www.foab.se\/noctu\/index.php\/wp-json\/wp\/v2\/pages\/162"}],"collection":[{"href":"https:\/\/www.foab.se\/noctu\/index.php\/wp-json\/wp\/v2\/pages"}],"about":[{"href":"https:\/\/www.foab.se\/noctu\/index.php\/wp-json\/wp\/v2\/types\/page"}],"author":[{"embeddable":true,"href":"https:\/\/www.foab.se\/noctu\/index.php\/wp-json\/wp\/v2\/users\/2"}],"replies":[{"embeddable":true,"href":"https:\/\/www.foab.se\/noctu\/index.php\/wp-json\/wp\/v2\/comments?post=162"}],"version-history":[{"count":1,"href":"https:\/\/www.foab.se\/noctu\/index.php\/wp-json\/wp\/v2\/pages\/162\/revisions"}],"predecessor-version":[{"id":744,"href":"https:\/\/www.foab.se\/noctu\/index.php\/wp-json\/wp\/v2\/pages\/162\/revisions\/744"}],"wp:attachment":[{"href":"https:\/\/www.foab.se\/noctu\/index.php\/wp-json\/wp\/v2\/media?parent=162"}],"curies":[{"name":"wp","href":"https:\/\/api.w.org\/{rel}","templated":true}]}}