{"id":197,"date":"2024-03-01T11:41:17","date_gmt":"2024-03-01T10:41:17","guid":{"rendered":"https:\/\/www.foab.se\/nynoctu\/?page_id=197"},"modified":"2024-10-16T21:41:59","modified_gmt":"2024-10-16T19:41:59","slug":"styrningar","status":"publish","type":"page","link":"https:\/\/www.foab.se\/noctu\/index.php\/styrningar\/","title":{"rendered":"Styrningar"},"content":{"rendered":"\n<p><strong>Noctu erbjuder allt fr\u00e5n enkla styrningar till avancerade, villkorsbaserade sekvenser d\u00e4r script anv\u00e4nds. Med dessa funktioner kan anl\u00e4ggningen automatiseras och kopplas ihop \u00f6ver flera system f\u00f6r att f\u00e5 smarta styrningar som underl\u00e4ttar i det dagliga arbetet.<\/strong><\/p>\n\n\n\n<p>I n\u00e4stan alla anl\u00e4ggningar finns det behov av att styra funktioner. Ist\u00e4llet f\u00f6r att anv\u00e4nda sig av manuella steg i olika system eller fysiska knappar p\u00e5 man\u00f6verpaneler blir Noctu ist\u00e4llet ett logiskt verktyg.<\/p>\n\n\n\n<p><strong>Knappar och peksk\u00e4rmslayouter<\/strong><br>Knappar f\u00f6r styrfunktioner kan l\u00e4ggas upp i listor, p\u00e5 ritningar eller i designade layouter. Layouterna kallar vi f\u00f6r peksk\u00e4rmslayouter och de ger m\u00f6jlighet att bygga interaktiva paneler med knappar, lampor, texter, ritningar m.m. Knappar kan v\u00e4xla till andra paneler och objekt uppdateras i realtid s\u00e5 att lampor kan indikera statusl\u00e4gen i anl\u00e4ggningen. <br><br>I en reception, vid en personalentr\u00e9 eller liknande kan en peksk\u00e4rm med peksk\u00e4rmslayouter bli ett oslagbart verktyg f\u00f6r att koppla fr\u00e5n och till funktioner i anl\u00e4ggningen eller att snabbt kunna f\u00e5 \u00f6nskade statusbilder utan att beh\u00f6va anv\u00e4nda en muspekare.<\/p>\n\n\n\n<p><strong>Schemalagda styrningar<\/strong><br>Alla styrfunktioner som finns i Noctu kan \u00e4ven schemal\u00e4ggas som enskilda eller \u00e5terkommande h\u00e4ndelser. Det kan t.ex. vara anv\u00e4ndbart f\u00f6r automatisk till- och fr\u00e5nkoppling av inbrottslarm.<\/p>\n\n\n\n<p> <\/p>\n","protected":false},"excerpt":{"rendered":"<p>Noctu erbjuder allt fr\u00e5n enkla styrningar till avancerade, villkorsbaserade sekvenser d\u00e4r script anv\u00e4nds. Med dessa funktioner kan anl\u00e4ggningen automatiseras och kopplas ihop \u00f6ver flera system f\u00f6r att f\u00e5 smarta styrningar som underl\u00e4ttar i det dagliga arbetet. I n\u00e4stan alla anl\u00e4ggningar finns det behov av att styra funktioner. Ist\u00e4llet f\u00f6r att anv\u00e4nda sig av manuella steg [&hellip;]<\/p>\n","protected":false},"author":2,"featured_media":662,"parent":0,"menu_order":0,"comment_status":"closed","ping_status":"closed","template":"page-wide","meta":{"om_disable_all_campaigns":false,"_monsterinsights_skip_tracking":false,"_monsterinsights_sitenote_active":false,"_monsterinsights_sitenote_note":"","_monsterinsights_sitenote_category":0,"_uf_show_specific_survey":0,"_uf_disable_surveys":false,"footnotes":""},"aioseo_notices":[],"yoast_head":"<!-- This site is optimized with the Yoast SEO plugin v22.3 - https:\/\/yoast.com\/wordpress\/plugins\/seo\/ -->\n<title>Styrningar - Noctu<\/title>\n<meta name=\"robots\" content=\"index, follow, max-snippet:-1, max-image-preview:large, max-video-preview:-1\" \/>\n<link rel=\"canonical\" href=\"https:\/\/www.foab.se\/noctu\/index.php\/styrningar\/\" \/>\n<meta property=\"og:locale\" content=\"sv_SE\" \/>\n<meta property=\"og:type\" content=\"article\" \/>\n<meta property=\"og:title\" content=\"Styrningar - Noctu\" \/>\n<meta property=\"og:description\" content=\"Noctu erbjuder allt fr\u00e5n enkla styrningar till avancerade, villkorsbaserade sekvenser d\u00e4r script anv\u00e4nds. Med dessa funktioner kan anl\u00e4ggningen automatiseras och kopplas ihop \u00f6ver flera system f\u00f6r att f\u00e5 smarta styrningar som underl\u00e4ttar i det dagliga arbetet. I n\u00e4stan alla anl\u00e4ggningar finns det behov av att styra funktioner. Ist\u00e4llet f\u00f6r att anv\u00e4nda sig av manuella steg [&hellip;]\" \/>\n<meta property=\"og:url\" content=\"https:\/\/www.foab.se\/noctu\/index.php\/styrningar\/\" \/>\n<meta property=\"og:site_name\" content=\"Noctu\" \/>\n<meta property=\"article:modified_time\" content=\"2024-10-16T19:41:59+00:00\" \/>\n<meta property=\"og:image\" content=\"https:\/\/www.foab.se\/noctu\/wp-content\/uploads\/2024\/03\/Skarmavbild-2024-03-28-kl.-15.18.28.jpg\" \/>\n\t<meta property=\"og:image:width\" content=\"2394\" \/>\n\t<meta property=\"og:image:height\" content=\"1504\" \/>\n\t<meta property=\"og:image:type\" content=\"image\/jpeg\" \/>\n<meta name=\"twitter:card\" content=\"summary_large_image\" \/>\n<meta name=\"twitter:label1\" content=\"Ber\u00e4knad l\u00e4stid\" \/>\n\t<meta name=\"twitter:data1\" content=\"1 minut\" \/>\n<script type=\"application\/ld+json\" class=\"yoast-schema-graph\">{\"@context\":\"https:\/\/schema.org\",\"@graph\":[{\"@type\":\"WebPage\",\"@id\":\"https:\/\/www.foab.se\/noctu\/index.php\/styrningar\/\",\"url\":\"https:\/\/www.foab.se\/noctu\/index.php\/styrningar\/\",\"name\":\"Styrningar - Noctu\",\"isPartOf\":{\"@id\":\"https:\/\/www.foab.se\/noctu\/#website\"},\"primaryImageOfPage\":{\"@id\":\"https:\/\/www.foab.se\/noctu\/index.php\/styrningar\/#primaryimage\"},\"image\":{\"@id\":\"https:\/\/www.foab.se\/noctu\/index.php\/styrningar\/#primaryimage\"},\"thumbnailUrl\":\"https:\/\/www.foab.se\/noctu\/wp-content\/uploads\/2024\/03\/Skarmavbild-2024-03-28-kl.-15.18.28.jpg\",\"datePublished\":\"2024-03-01T10:41:17+00:00\",\"dateModified\":\"2024-10-16T19:41:59+00:00\",\"breadcrumb\":{\"@id\":\"https:\/\/www.foab.se\/noctu\/index.php\/styrningar\/#breadcrumb\"},\"inLanguage\":\"sv-SE\",\"potentialAction\":[{\"@type\":\"ReadAction\",\"target\":[\"https:\/\/www.foab.se\/noctu\/index.php\/styrningar\/\"]}]},{\"@type\":\"ImageObject\",\"inLanguage\":\"sv-SE\",\"@id\":\"https:\/\/www.foab.se\/noctu\/index.php\/styrningar\/#primaryimage\",\"url\":\"https:\/\/www.foab.se\/noctu\/wp-content\/uploads\/2024\/03\/Skarmavbild-2024-03-28-kl.-15.18.28.jpg\",\"contentUrl\":\"https:\/\/www.foab.se\/noctu\/wp-content\/uploads\/2024\/03\/Skarmavbild-2024-03-28-kl.-15.18.28.jpg\",\"width\":2394,\"height\":1504},{\"@type\":\"BreadcrumbList\",\"@id\":\"https:\/\/www.foab.se\/noctu\/index.php\/styrningar\/#breadcrumb\",\"itemListElement\":[{\"@type\":\"ListItem\",\"position\":1,\"name\":\"Home\",\"item\":\"https:\/\/www.foab.se\/noctu\/\"},{\"@type\":\"ListItem\",\"position\":2,\"name\":\"Styrningar\"}]},{\"@type\":\"WebSite\",\"@id\":\"https:\/\/www.foab.se\/noctu\/#website\",\"url\":\"https:\/\/www.foab.se\/noctu\/\",\"name\":\"Noctu\",\"description\":\"\",\"publisher\":{\"@id\":\"https:\/\/www.foab.se\/noctu\/#organization\"},\"potentialAction\":[{\"@type\":\"SearchAction\",\"target\":{\"@type\":\"EntryPoint\",\"urlTemplate\":\"https:\/\/www.foab.se\/noctu\/?s={search_term_string}\"},\"query-input\":\"required name=search_term_string\"}],\"inLanguage\":\"sv-SE\"},{\"@type\":\"Organization\",\"@id\":\"https:\/\/www.foab.se\/noctu\/#organization\",\"name\":\"Noctu\",\"url\":\"https:\/\/www.foab.se\/noctu\/\",\"logo\":{\"@type\":\"ImageObject\",\"inLanguage\":\"sv-SE\",\"@id\":\"https:\/\/www.foab.se\/noctu\/#\/schema\/logo\/image\/\",\"url\":\"https:\/\/www.foab.se\/noctu\/wp-content\/uploads\/2024\/04\/image-1024x347-1-edited.png\",\"contentUrl\":\"https:\/\/www.foab.se\/noctu\/wp-content\/uploads\/2024\/04\/image-1024x347-1-edited.png\",\"width\":846,\"height\":287,\"caption\":\"Noctu\"},\"image\":{\"@id\":\"https:\/\/www.foab.se\/noctu\/#\/schema\/logo\/image\/\"}}]}<\/script>\n<!-- \/ Yoast SEO plugin. -->","yoast_head_json":{"title":"Styrningar - Noctu","robots":{"index":"index","follow":"follow","max-snippet":"max-snippet:-1","max-image-preview":"max-image-preview:large","max-video-preview":"max-video-preview:-1"},"canonical":"https:\/\/www.foab.se\/noctu\/index.php\/styrningar\/","og_locale":"sv_SE","og_type":"article","og_title":"Styrningar - Noctu","og_description":"Noctu erbjuder allt fr\u00e5n enkla styrningar till avancerade, villkorsbaserade sekvenser d\u00e4r script anv\u00e4nds. Med dessa funktioner kan anl\u00e4ggningen automatiseras och kopplas ihop \u00f6ver flera system f\u00f6r att f\u00e5 smarta styrningar som underl\u00e4ttar i det dagliga arbetet. I n\u00e4stan alla anl\u00e4ggningar finns det behov av att styra funktioner. Ist\u00e4llet f\u00f6r att anv\u00e4nda sig av manuella steg [&hellip;]","og_url":"https:\/\/www.foab.se\/noctu\/index.php\/styrningar\/","og_site_name":"Noctu","article_modified_time":"2024-10-16T19:41:59+00:00","og_image":[{"width":2394,"height":1504,"url":"https:\/\/www.foab.se\/noctu\/wp-content\/uploads\/2024\/03\/Skarmavbild-2024-03-28-kl.-15.18.28.jpg","type":"image\/jpeg"}],"twitter_card":"summary_large_image","twitter_misc":{"Ber\u00e4knad l\u00e4stid":"1 minut"},"schema":{"@context":"https:\/\/schema.org","@graph":[{"@type":"WebPage","@id":"https:\/\/www.foab.se\/noctu\/index.php\/styrningar\/","url":"https:\/\/www.foab.se\/noctu\/index.php\/styrningar\/","name":"Styrningar - Noctu","isPartOf":{"@id":"https:\/\/www.foab.se\/noctu\/#website"},"primaryImageOfPage":{"@id":"https:\/\/www.foab.se\/noctu\/index.php\/styrningar\/#primaryimage"},"image":{"@id":"https:\/\/www.foab.se\/noctu\/index.php\/styrningar\/#primaryimage"},"thumbnailUrl":"https:\/\/www.foab.se\/noctu\/wp-content\/uploads\/2024\/03\/Skarmavbild-2024-03-28-kl.-15.18.28.jpg","datePublished":"2024-03-01T10:41:17+00:00","dateModified":"2024-10-16T19:41:59+00:00","breadcrumb":{"@id":"https:\/\/www.foab.se\/noctu\/index.php\/styrningar\/#breadcrumb"},"inLanguage":"sv-SE","potentialAction":[{"@type":"ReadAction","target":["https:\/\/www.foab.se\/noctu\/index.php\/styrningar\/"]}]},{"@type":"ImageObject","inLanguage":"sv-SE","@id":"https:\/\/www.foab.se\/noctu\/index.php\/styrningar\/#primaryimage","url":"https:\/\/www.foab.se\/noctu\/wp-content\/uploads\/2024\/03\/Skarmavbild-2024-03-28-kl.-15.18.28.jpg","contentUrl":"https:\/\/www.foab.se\/noctu\/wp-content\/uploads\/2024\/03\/Skarmavbild-2024-03-28-kl.-15.18.28.jpg","width":2394,"height":1504},{"@type":"BreadcrumbList","@id":"https:\/\/www.foab.se\/noctu\/index.php\/styrningar\/#breadcrumb","itemListElement":[{"@type":"ListItem","position":1,"name":"Home","item":"https:\/\/www.foab.se\/noctu\/"},{"@type":"ListItem","position":2,"name":"Styrningar"}]},{"@type":"WebSite","@id":"https:\/\/www.foab.se\/noctu\/#website","url":"https:\/\/www.foab.se\/noctu\/","name":"Noctu","description":"","publisher":{"@id":"https:\/\/www.foab.se\/noctu\/#organization"},"potentialAction":[{"@type":"SearchAction","target":{"@type":"EntryPoint","urlTemplate":"https:\/\/www.foab.se\/noctu\/?s={search_term_string}"},"query-input":"required name=search_term_string"}],"inLanguage":"sv-SE"},{"@type":"Organization","@id":"https:\/\/www.foab.se\/noctu\/#organization","name":"Noctu","url":"https:\/\/www.foab.se\/noctu\/","logo":{"@type":"ImageObject","inLanguage":"sv-SE","@id":"https:\/\/www.foab.se\/noctu\/#\/schema\/logo\/image\/","url":"https:\/\/www.foab.se\/noctu\/wp-content\/uploads\/2024\/04\/image-1024x347-1-edited.png","contentUrl":"https:\/\/www.foab.se\/noctu\/wp-content\/uploads\/2024\/04\/image-1024x347-1-edited.png","width":846,"height":287,"caption":"Noctu"},"image":{"@id":"https:\/\/www.foab.se\/noctu\/#\/schema\/logo\/image\/"}}]}},"_links":{"self":[{"href":"https:\/\/www.foab.se\/noctu\/index.php\/wp-json\/wp\/v2\/pages\/197"}],"collection":[{"href":"https:\/\/www.foab.se\/noctu\/index.php\/wp-json\/wp\/v2\/pages"}],"about":[{"href":"https:\/\/www.foab.se\/noctu\/index.php\/wp-json\/wp\/v2\/types\/page"}],"author":[{"embeddable":true,"href":"https:\/\/www.foab.se\/noctu\/index.php\/wp-json\/wp\/v2\/users\/2"}],"replies":[{"embeddable":true,"href":"https:\/\/www.foab.se\/noctu\/index.php\/wp-json\/wp\/v2\/comments?post=197"}],"version-history":[{"count":1,"href":"https:\/\/www.foab.se\/noctu\/index.php\/wp-json\/wp\/v2\/pages\/197\/revisions"}],"predecessor-version":[{"id":931,"href":"https:\/\/www.foab.se\/noctu\/index.php\/wp-json\/wp\/v2\/pages\/197\/revisions\/931"}],"wp:featuredmedia":[{"embeddable":true,"href":"https:\/\/www.foab.se\/noctu\/index.php\/wp-json\/wp\/v2\/media\/662"}],"wp:attachment":[{"href":"https:\/\/www.foab.se\/noctu\/index.php\/wp-json\/wp\/v2\/media?parent=197"}],"curies":[{"name":"wp","href":"https:\/\/api.w.org\/{rel}","templated":true}]}}