{"id":214,"date":"2024-03-01T21:29:30","date_gmt":"2024-03-01T20:29:30","guid":{"rendered":"https:\/\/www.foab.se\/nynoctu\/?page_id=214"},"modified":"2024-04-03T15:13:54","modified_gmt":"2024-04-03T13:13:54","slug":"statistik","status":"publish","type":"page","link":"https:\/\/www.foab.se\/noctu\/index.php\/statistik\/","title":{"rendered":"Statistik och loggbok"},"content":{"rendered":"\n<p><strong>I en \u00f6verordnad plattform samlas mycket information in fr\u00e5n de underliggande systemen. Passeringar och dagliga h\u00e4ndelser blir snabbt en omfattande m\u00e4ngd data och efter kritiska h\u00e4ndelser m\u00e5ste det g\u00e5 att \u00e5terskapa ett f\u00f6rlopp.<\/strong><\/p>\n\n\n\n<p>Noctu har flera olika systemloggar och funktioner f\u00f6r att snabbt hitta och f\u00f6lja upp h\u00e4ndelser. Den inbyggda loggfunktionen summerar ihop varje avslutat dygn och optimerar loggarna f\u00f6r att snabbt kunna presentera statistik i en m\u00e4ngd olika scenarion.<\/p>\n\n\n\n<figure data-wp-context=\"{ &quot;core&quot;:\n\t\t\t\t{ &quot;image&quot;:\n\t\t\t\t\t{   &quot;imageLoaded&quot;: false,\n\t\t\t\t\t\t&quot;initialized&quot;: false,\n\t\t\t\t\t\t&quot;lightboxEnabled&quot;: false,\n\t\t\t\t\t\t&quot;hideAnimationEnabled&quot;: false,\n\t\t\t\t\t\t&quot;preloadInitialized&quot;: false,\n\t\t\t\t\t\t&quot;lightboxAnimation&quot;: &quot;zoom&quot;,\n\t\t\t\t\t\t&quot;imageUploadedSrc&quot;: &quot;https:\/\/www.foab.se\/noctu\/wp-content\/uploads\/2024\/03\/Skarmavbild-2024-03-28-kl.-22.23.26-scaled-1.jpg&quot;,\n\t\t\t\t\t\t&quot;imageCurrentSrc&quot;: &quot;&quot;,\n\t\t\t\t\t\t&quot;targetWidth&quot;: &quot;2560&quot;,\n\t\t\t\t\t\t&quot;targetHeight&quot;: &quot;1558&quot;,\n\t\t\t\t\t\t&quot;scaleAttr&quot;: &quot;&quot;,\n\t\t\t\t\t\t&quot;dialogLabel&quot;: &quot;F\u00f6rstorad bild&quot;\n\t\t\t\t\t}\n\t\t\t\t}\n\t\t\t}\" data-wp-interactive class=\"wp-block-image size-large wp-lightbox-container\"><img loading=\"lazy\" decoding=\"async\" width=\"1024\" height=\"623\" data-wp-effect--setStylesOnResize=\"effects.core.image.setStylesOnResize\" data-wp-effect=\"effects.core.image.setButtonStyles\" data-wp-init=\"effects.core.image.initOriginImage\" data-wp-on--click=\"actions.core.image.showLightbox\" data-wp-on--load=\"actions.core.image.handleLoad\" src=\"https:\/\/www.foab.se\/noctu\/wp-content\/uploads\/2024\/03\/Skarmavbild-2024-03-28-kl.-22.23.26-scaled-1-1024x623.jpg\" alt=\"\" class=\"wp-image-669\" srcset=\"https:\/\/www.foab.se\/noctu\/wp-content\/uploads\/2024\/03\/Skarmavbild-2024-03-28-kl.-22.23.26-scaled-1-1024x623.jpg 1024w, https:\/\/www.foab.se\/noctu\/wp-content\/uploads\/2024\/03\/Skarmavbild-2024-03-28-kl.-22.23.26-scaled-1-300x183.jpg 300w, https:\/\/www.foab.se\/noctu\/wp-content\/uploads\/2024\/03\/Skarmavbild-2024-03-28-kl.-22.23.26-scaled-1-768x467.jpg 768w, https:\/\/www.foab.se\/noctu\/wp-content\/uploads\/2024\/03\/Skarmavbild-2024-03-28-kl.-22.23.26-scaled-1-1536x935.jpg 1536w, https:\/\/www.foab.se\/noctu\/wp-content\/uploads\/2024\/03\/Skarmavbild-2024-03-28-kl.-22.23.26-scaled-1-2048x1246.jpg 2048w\" sizes=\"(max-width: 1024px) 100vw, 1024px\" \/><button\n\t\t\tclass=\"lightbox-trigger\"\n\t\t\ttype=\"button\"\n\t\t\taria-haspopup=\"dialog\"\n\t\t\taria-label=\"F\u00f6rstora bild\"\n\t\t\tdata-wp-on--click=\"actions.core.image.showLightbox\"\n\t\t\tdata-wp-style--right=\"context.core.image.imageButtonRight\"\n\t\t\tdata-wp-style--top=\"context.core.image.imageButtonTop\"\n\t\t>\n\t\t\t<svg xmlns=\"http:\/\/www.w3.org\/2000\/svg\" width=\"12\" height=\"12\" fill=\"none\" viewBox=\"0 0 12 12\">\n\t\t\t\t<path fill=\"#fff\" d=\"M2 0a2 2 0 0 0-2 2v2h1.5V2a.5.5 0 0 1 .5-.5h2V0H2Zm2 10.5H2a.5.5 0 0 1-.5-.5V8H0v2a2 2 0 0 0 2 2h2v-1.5ZM8 12v-1.5h2a.5.5 0 0 0 .5-.5V8H12v2a2 2 0 0 1-2 2H8Zm2-12a2 2 0 0 1 2 2v2h-1.5V2a.5.5 0 0 0-.5-.5H8V0h2Z\" \/>\n\t\t\t<\/svg>\n\t\t<\/button>        <div data-wp-body=\"\" class=\"wp-lightbox-overlay zoom\"\n            data-wp-bind--role=\"selectors.core.image.roleAttribute\"\n            data-wp-bind--aria-label=\"selectors.core.image.dialogLabel\"\n            data-wp-class--initialized=\"context.core.image.initialized\"\n            data-wp-class--active=\"context.core.image.lightboxEnabled\"\n            data-wp-class--hideAnimationEnabled=\"context.core.image.hideAnimationEnabled\"\n            data-wp-bind--aria-modal=\"selectors.core.image.ariaModal\"\n            data-wp-effect=\"effects.core.image.initLightbox\"\n            data-wp-on--keydown=\"actions.core.image.handleKeydown\"\n            data-wp-on--touchstart=\"actions.core.image.handleTouchStart\"\n            data-wp-on--touchmove=\"actions.core.image.handleTouchMove\"\n            data-wp-on--touchend=\"actions.core.image.handleTouchEnd\"\n            data-wp-on--click=\"actions.core.image.hideLightbox\"\n            tabindex=\"-1\"\n            >\n                <button type=\"button\" aria-label=\"St\u00e4ng\" style=\"fill: var(--wp--preset--color--contrast)\" class=\"close-button\" data-wp-on--click=\"actions.core.image.hideLightbox\">\n                    <svg xmlns=\"http:\/\/www.w3.org\/2000\/svg\" viewBox=\"0 0 24 24\" width=\"20\" height=\"20\" aria-hidden=\"true\" focusable=\"false\"><path d=\"M13 11.8l6.1-6.3-1-1-6.1 6.2-6.1-6.2-1 1 6.1 6.3-6.5 6.7 1 1 6.5-6.6 6.5 6.6 1-1z\"><\/path><\/svg>\n                <\/button>\n                <div class=\"lightbox-image-container\">\n<figure class=\"wp-block-image size-large responsive-image\"><img decoding=\"async\" data-wp-bind--src=\"context.core.image.imageCurrentSrc\" data-wp-style--object-fit=\"selectors.core.image.lightboxObjectFit\" src=\"\" alt=\"\" class=\"wp-image-669\"\/><\/figure>\n<\/div>\n                <div class=\"lightbox-image-container\">\n<figure class=\"wp-block-image size-large enlarged-image\"><img decoding=\"async\" data-wp-bind--src=\"selectors.core.image.enlargedImgSrc\" data-wp-style--object-fit=\"selectors.core.image.lightboxObjectFit\" src=\"\" alt=\"\" class=\"wp-image-669\"\/><\/figure>\n<\/div>\n                <div class=\"scrim\" style=\"background-color: #ffffff\" aria-hidden=\"true\"><\/div>\n        <\/div><\/figure>\n\n\n\n<p><strong>Loggboken<\/strong><br>Noctus loggbok sparar alla h\u00e4ndelser som de underliggande systemen rapporterar in tillsammans med anv\u00e4ndaraktivitet i Noctu osv. Detta ger en helhetsbild som inget separat system kan visa. Dessutom f\u00e5r alla h\u00e4ndelser en tidsst\u00e4mpel av Noctu s\u00e5 att \u00e4ven om interna systemklockor i t.ex. inbrottslarm och brandlarm inte \u00e4r synkroniserade spelar det ingen roll.<\/p>\n\n\n\n<p>Varje h\u00e4ndelse i loggboken kategoriseras och ben\u00e4mns med en f\u00f6rtydligande beskrivning ut\u00f6ver data om tillh\u00f6rande objekt, placering osv. Alla h\u00e4ndelser \u00e4r s\u00f6kbara och filtrerbara och dessutom kan h\u00e4ndelser taggas upp och kompletteras med fritext. <\/p>\n\n\n\n<p><strong>Statistik<\/strong><br>Grafer, trender och cirkeldiagram f\u00f6rtydligar h\u00e4ndelser i anl\u00e4ggningen p\u00e5 ett f\u00f6rklarande s\u00e4tt och hj\u00e4lper till att hitta avvikelser. Det kan t.ex. vara vilka detektorer som larmar mest och p\u00e5 vilka tider eller larm som avviker fr\u00e5n det normala. Olika vyer kan sparas och flera diagram och loggar kan visas samtidigt f\u00f6r extra tydlig \u00f6versikt. <\/p>\n\n\n\n<p><strong>Export<\/strong><br>Loggboken storlek begr\u00e4nsas endast av Noctuserverns kapacitet och kan utan problem inneh\u00e5lla miljontals loggh\u00e4ndelser. Sj\u00e4lvklart g\u00e5r det snabbt att v\u00e4lja ut delar av den och exportera vidare till t.ex. Excel om s\u00e5 \u00f6nskas. <\/p>\n","protected":false},"excerpt":{"rendered":"<p>I en \u00f6verordnad plattform samlas mycket information in fr\u00e5n de underliggande systemen. Passeringar och dagliga h\u00e4ndelser blir snabbt en omfattande m\u00e4ngd data och efter kritiska h\u00e4ndelser m\u00e5ste det g\u00e5 att \u00e5terskapa ett f\u00f6rlopp. Noctu har flera olika systemloggar och funktioner f\u00f6r att snabbt hitta och f\u00f6lja upp h\u00e4ndelser. Den inbyggda loggfunktionen summerar ihop varje avslutat [&hellip;]<\/p>\n","protected":false},"author":2,"featured_media":667,"parent":0,"menu_order":0,"comment_status":"closed","ping_status":"closed","template":"page-wide","meta":{"om_disable_all_campaigns":false,"_monsterinsights_skip_tracking":false,"_monsterinsights_sitenote_active":false,"_monsterinsights_sitenote_note":"","_monsterinsights_sitenote_category":0,"_uf_show_specific_survey":0,"_uf_disable_surveys":false,"footnotes":""},"aioseo_notices":[],"yoast_head":"<!-- This site is optimized with the Yoast SEO plugin v22.3 - https:\/\/yoast.com\/wordpress\/plugins\/seo\/ -->\n<title>Statistik och loggbok - Noctu<\/title>\n<meta name=\"robots\" content=\"index, follow, max-snippet:-1, max-image-preview:large, max-video-preview:-1\" \/>\n<link rel=\"canonical\" href=\"https:\/\/www.foab.se\/noctu\/index.php\/statistik\/\" \/>\n<meta property=\"og:locale\" content=\"sv_SE\" \/>\n<meta property=\"og:type\" content=\"article\" \/>\n<meta property=\"og:title\" content=\"Statistik och loggbok - Noctu\" \/>\n<meta property=\"og:description\" content=\"I en \u00f6verordnad plattform samlas mycket information in fr\u00e5n de underliggande systemen. Passeringar och dagliga h\u00e4ndelser blir snabbt en omfattande m\u00e4ngd data och efter kritiska h\u00e4ndelser m\u00e5ste det g\u00e5 att \u00e5terskapa ett f\u00f6rlopp. Noctu har flera olika systemloggar och funktioner f\u00f6r att snabbt hitta och f\u00f6lja upp h\u00e4ndelser. Den inbyggda loggfunktionen summerar ihop varje avslutat [&hellip;]\" \/>\n<meta property=\"og:url\" content=\"https:\/\/www.foab.se\/noctu\/index.php\/statistik\/\" \/>\n<meta property=\"og:site_name\" content=\"Noctu\" \/>\n<meta property=\"article:modified_time\" content=\"2024-04-03T13:13:54+00:00\" \/>\n<meta property=\"og:image\" content=\"https:\/\/www.foab.se\/noctu\/wp-content\/uploads\/2024\/03\/Skarmavbild-2024-03-28-kl.-22.07.49.jpg\" \/>\n\t<meta property=\"og:image:width\" content=\"2432\" \/>\n\t<meta property=\"og:image:height\" content=\"1508\" \/>\n\t<meta property=\"og:image:type\" content=\"image\/jpeg\" \/>\n<meta name=\"twitter:card\" content=\"summary_large_image\" \/>\n<meta name=\"twitter:label1\" content=\"Ber\u00e4knad l\u00e4stid\" \/>\n\t<meta name=\"twitter:data1\" content=\"1 minut\" \/>\n<script type=\"application\/ld+json\" class=\"yoast-schema-graph\">{\"@context\":\"https:\/\/schema.org\",\"@graph\":[{\"@type\":\"WebPage\",\"@id\":\"https:\/\/www.foab.se\/noctu\/index.php\/statistik\/\",\"url\":\"https:\/\/www.foab.se\/noctu\/index.php\/statistik\/\",\"name\":\"Statistik och loggbok - Noctu\",\"isPartOf\":{\"@id\":\"https:\/\/www.foab.se\/noctu\/#website\"},\"primaryImageOfPage\":{\"@id\":\"https:\/\/www.foab.se\/noctu\/index.php\/statistik\/#primaryimage\"},\"image\":{\"@id\":\"https:\/\/www.foab.se\/noctu\/index.php\/statistik\/#primaryimage\"},\"thumbnailUrl\":\"https:\/\/www.foab.se\/noctu\/wp-content\/uploads\/2024\/03\/Skarmavbild-2024-03-28-kl.-22.07.49.jpg\",\"datePublished\":\"2024-03-01T20:29:30+00:00\",\"dateModified\":\"2024-04-03T13:13:54+00:00\",\"breadcrumb\":{\"@id\":\"https:\/\/www.foab.se\/noctu\/index.php\/statistik\/#breadcrumb\"},\"inLanguage\":\"sv-SE\",\"potentialAction\":[{\"@type\":\"ReadAction\",\"target\":[\"https:\/\/www.foab.se\/noctu\/index.php\/statistik\/\"]}]},{\"@type\":\"ImageObject\",\"inLanguage\":\"sv-SE\",\"@id\":\"https:\/\/www.foab.se\/noctu\/index.php\/statistik\/#primaryimage\",\"url\":\"https:\/\/www.foab.se\/noctu\/wp-content\/uploads\/2024\/03\/Skarmavbild-2024-03-28-kl.-22.07.49.jpg\",\"contentUrl\":\"https:\/\/www.foab.se\/noctu\/wp-content\/uploads\/2024\/03\/Skarmavbild-2024-03-28-kl.-22.07.49.jpg\",\"width\":2432,\"height\":1508},{\"@type\":\"BreadcrumbList\",\"@id\":\"https:\/\/www.foab.se\/noctu\/index.php\/statistik\/#breadcrumb\",\"itemListElement\":[{\"@type\":\"ListItem\",\"position\":1,\"name\":\"Home\",\"item\":\"https:\/\/www.foab.se\/noctu\/\"},{\"@type\":\"ListItem\",\"position\":2,\"name\":\"Statistik och loggbok\"}]},{\"@type\":\"WebSite\",\"@id\":\"https:\/\/www.foab.se\/noctu\/#website\",\"url\":\"https:\/\/www.foab.se\/noctu\/\",\"name\":\"Noctu\",\"description\":\"\",\"publisher\":{\"@id\":\"https:\/\/www.foab.se\/noctu\/#organization\"},\"potentialAction\":[{\"@type\":\"SearchAction\",\"target\":{\"@type\":\"EntryPoint\",\"urlTemplate\":\"https:\/\/www.foab.se\/noctu\/?s={search_term_string}\"},\"query-input\":\"required name=search_term_string\"}],\"inLanguage\":\"sv-SE\"},{\"@type\":\"Organization\",\"@id\":\"https:\/\/www.foab.se\/noctu\/#organization\",\"name\":\"Noctu\",\"url\":\"https:\/\/www.foab.se\/noctu\/\",\"logo\":{\"@type\":\"ImageObject\",\"inLanguage\":\"sv-SE\",\"@id\":\"https:\/\/www.foab.se\/noctu\/#\/schema\/logo\/image\/\",\"url\":\"https:\/\/www.foab.se\/noctu\/wp-content\/uploads\/2024\/04\/image-1024x347-1-edited.png\",\"contentUrl\":\"https:\/\/www.foab.se\/noctu\/wp-content\/uploads\/2024\/04\/image-1024x347-1-edited.png\",\"width\":846,\"height\":287,\"caption\":\"Noctu\"},\"image\":{\"@id\":\"https:\/\/www.foab.se\/noctu\/#\/schema\/logo\/image\/\"}}]}<\/script>\n<!-- \/ Yoast SEO plugin. -->","yoast_head_json":{"title":"Statistik och loggbok - Noctu","robots":{"index":"index","follow":"follow","max-snippet":"max-snippet:-1","max-image-preview":"max-image-preview:large","max-video-preview":"max-video-preview:-1"},"canonical":"https:\/\/www.foab.se\/noctu\/index.php\/statistik\/","og_locale":"sv_SE","og_type":"article","og_title":"Statistik och loggbok - Noctu","og_description":"I en \u00f6verordnad plattform samlas mycket information in fr\u00e5n de underliggande systemen. Passeringar och dagliga h\u00e4ndelser blir snabbt en omfattande m\u00e4ngd data och efter kritiska h\u00e4ndelser m\u00e5ste det g\u00e5 att \u00e5terskapa ett f\u00f6rlopp. Noctu har flera olika systemloggar och funktioner f\u00f6r att snabbt hitta och f\u00f6lja upp h\u00e4ndelser. Den inbyggda loggfunktionen summerar ihop varje avslutat [&hellip;]","og_url":"https:\/\/www.foab.se\/noctu\/index.php\/statistik\/","og_site_name":"Noctu","article_modified_time":"2024-04-03T13:13:54+00:00","og_image":[{"width":2432,"height":1508,"url":"https:\/\/www.foab.se\/noctu\/wp-content\/uploads\/2024\/03\/Skarmavbild-2024-03-28-kl.-22.07.49.jpg","type":"image\/jpeg"}],"twitter_card":"summary_large_image","twitter_misc":{"Ber\u00e4knad l\u00e4stid":"1 minut"},"schema":{"@context":"https:\/\/schema.org","@graph":[{"@type":"WebPage","@id":"https:\/\/www.foab.se\/noctu\/index.php\/statistik\/","url":"https:\/\/www.foab.se\/noctu\/index.php\/statistik\/","name":"Statistik och loggbok - Noctu","isPartOf":{"@id":"https:\/\/www.foab.se\/noctu\/#website"},"primaryImageOfPage":{"@id":"https:\/\/www.foab.se\/noctu\/index.php\/statistik\/#primaryimage"},"image":{"@id":"https:\/\/www.foab.se\/noctu\/index.php\/statistik\/#primaryimage"},"thumbnailUrl":"https:\/\/www.foab.se\/noctu\/wp-content\/uploads\/2024\/03\/Skarmavbild-2024-03-28-kl.-22.07.49.jpg","datePublished":"2024-03-01T20:29:30+00:00","dateModified":"2024-04-03T13:13:54+00:00","breadcrumb":{"@id":"https:\/\/www.foab.se\/noctu\/index.php\/statistik\/#breadcrumb"},"inLanguage":"sv-SE","potentialAction":[{"@type":"ReadAction","target":["https:\/\/www.foab.se\/noctu\/index.php\/statistik\/"]}]},{"@type":"ImageObject","inLanguage":"sv-SE","@id":"https:\/\/www.foab.se\/noctu\/index.php\/statistik\/#primaryimage","url":"https:\/\/www.foab.se\/noctu\/wp-content\/uploads\/2024\/03\/Skarmavbild-2024-03-28-kl.-22.07.49.jpg","contentUrl":"https:\/\/www.foab.se\/noctu\/wp-content\/uploads\/2024\/03\/Skarmavbild-2024-03-28-kl.-22.07.49.jpg","width":2432,"height":1508},{"@type":"BreadcrumbList","@id":"https:\/\/www.foab.se\/noctu\/index.php\/statistik\/#breadcrumb","itemListElement":[{"@type":"ListItem","position":1,"name":"Home","item":"https:\/\/www.foab.se\/noctu\/"},{"@type":"ListItem","position":2,"name":"Statistik och loggbok"}]},{"@type":"WebSite","@id":"https:\/\/www.foab.se\/noctu\/#website","url":"https:\/\/www.foab.se\/noctu\/","name":"Noctu","description":"","publisher":{"@id":"https:\/\/www.foab.se\/noctu\/#organization"},"potentialAction":[{"@type":"SearchAction","target":{"@type":"EntryPoint","urlTemplate":"https:\/\/www.foab.se\/noctu\/?s={search_term_string}"},"query-input":"required name=search_term_string"}],"inLanguage":"sv-SE"},{"@type":"Organization","@id":"https:\/\/www.foab.se\/noctu\/#organization","name":"Noctu","url":"https:\/\/www.foab.se\/noctu\/","logo":{"@type":"ImageObject","inLanguage":"sv-SE","@id":"https:\/\/www.foab.se\/noctu\/#\/schema\/logo\/image\/","url":"https:\/\/www.foab.se\/noctu\/wp-content\/uploads\/2024\/04\/image-1024x347-1-edited.png","contentUrl":"https:\/\/www.foab.se\/noctu\/wp-content\/uploads\/2024\/04\/image-1024x347-1-edited.png","width":846,"height":287,"caption":"Noctu"},"image":{"@id":"https:\/\/www.foab.se\/noctu\/#\/schema\/logo\/image\/"}}]}},"_links":{"self":[{"href":"https:\/\/www.foab.se\/noctu\/index.php\/wp-json\/wp\/v2\/pages\/214"}],"collection":[{"href":"https:\/\/www.foab.se\/noctu\/index.php\/wp-json\/wp\/v2\/pages"}],"about":[{"href":"https:\/\/www.foab.se\/noctu\/index.php\/wp-json\/wp\/v2\/types\/page"}],"author":[{"embeddable":true,"href":"https:\/\/www.foab.se\/noctu\/index.php\/wp-json\/wp\/v2\/users\/2"}],"replies":[{"embeddable":true,"href":"https:\/\/www.foab.se\/noctu\/index.php\/wp-json\/wp\/v2\/comments?post=214"}],"version-history":[{"count":1,"href":"https:\/\/www.foab.se\/noctu\/index.php\/wp-json\/wp\/v2\/pages\/214\/revisions"}],"predecessor-version":[{"id":875,"href":"https:\/\/www.foab.se\/noctu\/index.php\/wp-json\/wp\/v2\/pages\/214\/revisions\/875"}],"wp:featuredmedia":[{"embeddable":true,"href":"https:\/\/www.foab.se\/noctu\/index.php\/wp-json\/wp\/v2\/media\/667"}],"wp:attachment":[{"href":"https:\/\/www.foab.se\/noctu\/index.php\/wp-json\/wp\/v2\/media?parent=214"}],"curies":[{"name":"wp","href":"https:\/\/api.w.org\/{rel}","templated":true}]}}