{"id":226,"date":"2024-03-02T13:48:46","date_gmt":"2024-03-02T12:48:46","guid":{"rendered":"https:\/\/www.foab.se\/nynoctu\/?page_id=226"},"modified":"2024-03-02T13:48:46","modified_gmt":"2024-03-02T12:48:46","slug":"granssnitt","status":"publish","type":"page","link":"https:\/\/www.foab.se\/noctu\/index.php\/granssnitt\/","title":{"rendered":"Avskalat gr\u00e4nssnitt"},"content":{"rendered":"\n<p><strong>I ett s\u00e4kerhetssystem uppst\u00e5r det ibland br\u00e5dskande situationer vid larm och liknande. F\u00f6r personalen som ska hantera larm \u00e4r det av stor vikt att stress minimeras s\u00e5 att viktiga man\u00f6vrar hanteras korrekt. Noctu \u00e4r designat med detta grundkrav i \u00e5tanke.<\/strong><\/p>\n\n\n\n<p>Noctu har ett avskalat gr\u00e4nssnitt d\u00e4r f\u00e4rger \u00e4r nedtonade och on\u00f6diga st\u00f6rande objekt minimeras. Starka f\u00e4rger anv\u00e4nds endast f\u00f6r att p\u00e5kalla uppm\u00e4rksamhet vid larm och ritningarna har funktioner f\u00f6r att endast visa det som \u00e4r n\u00f6dv\u00e4ndigt.<\/p>\n\n\n\n<p><strong>Enkel larmrutin<\/strong><br>N\u00e4r ett larm, fel eller inhibering (larm vid tillkoppling) aktiveras i Noctu visas ett tydligt f\u00f6nster med alternativ f\u00f6r att visa larmet eller skjuta upp det, som en snoozefunktion. Om anv\u00e4ndaren v\u00e4ljer att visa larmet plockar Noctu fram r\u00e4tt ritning och markerar detektorn med pilar och motsvarande larmf\u00e4rg. D\u00e4refter beh\u00f6ver anv\u00e4ndaren endast l\u00e4sa larminstruktioner och trycka p\u00e5 kvittera. Ingen manuell v\u00e4xling av f\u00f6nster eller letande i menyer beh\u00f6vs &#8211; allt sker automatiskt och anv\u00e4ndaren kan fokusera p\u00e5 \u00e5tg\u00e4rden.<\/p>\n\n\n\n<figure data-wp-context=\"{ &quot;core&quot;:\n\t\t\t\t{ &quot;image&quot;:\n\t\t\t\t\t{   &quot;imageLoaded&quot;: false,\n\t\t\t\t\t\t&quot;initialized&quot;: false,\n\t\t\t\t\t\t&quot;lightboxEnabled&quot;: false,\n\t\t\t\t\t\t&quot;hideAnimationEnabled&quot;: false,\n\t\t\t\t\t\t&quot;preloadInitialized&quot;: false,\n\t\t\t\t\t\t&quot;lightboxAnimation&quot;: &quot;zoom&quot;,\n\t\t\t\t\t\t&quot;imageUploadedSrc&quot;: &quot;https:\/\/www.foab.se\/noctu\/wp-content\/uploads\/2024\/03\/Skarmavbild-2024-03-27-kl.-08.45.26.jpg&quot;,\n\t\t\t\t\t\t&quot;imageCurrentSrc&quot;: &quot;&quot;,\n\t\t\t\t\t\t&quot;targetWidth&quot;: &quot;1822&quot;,\n\t\t\t\t\t\t&quot;targetHeight&quot;: &quot;1224&quot;,\n\t\t\t\t\t\t&quot;scaleAttr&quot;: &quot;&quot;,\n\t\t\t\t\t\t&quot;dialogLabel&quot;: &quot;F\u00f6rstorad bild&quot;\n\t\t\t\t\t}\n\t\t\t\t}\n\t\t\t}\" data-wp-interactive class=\"wp-block-image size-large wp-lightbox-container\"><img loading=\"lazy\" decoding=\"async\" width=\"1024\" height=\"688\" data-wp-effect--setStylesOnResize=\"effects.core.image.setStylesOnResize\" data-wp-effect=\"effects.core.image.setButtonStyles\" data-wp-init=\"effects.core.image.initOriginImage\" data-wp-on--click=\"actions.core.image.showLightbox\" data-wp-on--load=\"actions.core.image.handleLoad\" src=\"https:\/\/www.foab.se\/noctu\/wp-content\/uploads\/2024\/03\/Skarmavbild-2024-03-27-kl.-08.45.26-1024x688.jpg\" alt=\"\" class=\"wp-image-638\" srcset=\"https:\/\/www.foab.se\/noctu\/wp-content\/uploads\/2024\/03\/Skarmavbild-2024-03-27-kl.-08.45.26-1024x688.jpg 1024w, https:\/\/www.foab.se\/noctu\/wp-content\/uploads\/2024\/03\/Skarmavbild-2024-03-27-kl.-08.45.26-300x202.jpg 300w, https:\/\/www.foab.se\/noctu\/wp-content\/uploads\/2024\/03\/Skarmavbild-2024-03-27-kl.-08.45.26-768x516.jpg 768w, https:\/\/www.foab.se\/noctu\/wp-content\/uploads\/2024\/03\/Skarmavbild-2024-03-27-kl.-08.45.26-1536x1032.jpg 1536w, https:\/\/www.foab.se\/noctu\/wp-content\/uploads\/2024\/03\/Skarmavbild-2024-03-27-kl.-08.45.26.jpg 1822w\" sizes=\"(max-width: 1024px) 100vw, 1024px\" \/><button\n\t\t\tclass=\"lightbox-trigger\"\n\t\t\ttype=\"button\"\n\t\t\taria-haspopup=\"dialog\"\n\t\t\taria-label=\"F\u00f6rstora bild\"\n\t\t\tdata-wp-on--click=\"actions.core.image.showLightbox\"\n\t\t\tdata-wp-style--right=\"context.core.image.imageButtonRight\"\n\t\t\tdata-wp-style--top=\"context.core.image.imageButtonTop\"\n\t\t>\n\t\t\t<svg xmlns=\"http:\/\/www.w3.org\/2000\/svg\" width=\"12\" height=\"12\" fill=\"none\" viewBox=\"0 0 12 12\">\n\t\t\t\t<path fill=\"#fff\" d=\"M2 0a2 2 0 0 0-2 2v2h1.5V2a.5.5 0 0 1 .5-.5h2V0H2Zm2 10.5H2a.5.5 0 0 1-.5-.5V8H0v2a2 2 0 0 0 2 2h2v-1.5ZM8 12v-1.5h2a.5.5 0 0 0 .5-.5V8H12v2a2 2 0 0 1-2 2H8Zm2-12a2 2 0 0 1 2 2v2h-1.5V2a.5.5 0 0 0-.5-.5H8V0h2Z\" \/>\n\t\t\t<\/svg>\n\t\t<\/button>        <div data-wp-body=\"\" class=\"wp-lightbox-overlay zoom\"\n            data-wp-bind--role=\"selectors.core.image.roleAttribute\"\n            data-wp-bind--aria-label=\"selectors.core.image.dialogLabel\"\n            data-wp-class--initialized=\"context.core.image.initialized\"\n            data-wp-class--active=\"context.core.image.lightboxEnabled\"\n            data-wp-class--hideAnimationEnabled=\"context.core.image.hideAnimationEnabled\"\n            data-wp-bind--aria-modal=\"selectors.core.image.ariaModal\"\n            data-wp-effect=\"effects.core.image.initLightbox\"\n            data-wp-on--keydown=\"actions.core.image.handleKeydown\"\n            data-wp-on--touchstart=\"actions.core.image.handleTouchStart\"\n            data-wp-on--touchmove=\"actions.core.image.handleTouchMove\"\n            data-wp-on--touchend=\"actions.core.image.handleTouchEnd\"\n            data-wp-on--click=\"actions.core.image.hideLightbox\"\n            tabindex=\"-1\"\n            >\n                <button type=\"button\" aria-label=\"St\u00e4ng\" style=\"fill: var(--wp--preset--color--contrast)\" class=\"close-button\" data-wp-on--click=\"actions.core.image.hideLightbox\">\n                    <svg xmlns=\"http:\/\/www.w3.org\/2000\/svg\" viewBox=\"0 0 24 24\" width=\"20\" height=\"20\" aria-hidden=\"true\" focusable=\"false\"><path d=\"M13 11.8l6.1-6.3-1-1-6.1 6.2-6.1-6.2-1 1 6.1 6.3-6.5 6.7 1 1 6.5-6.6 6.5 6.6 1-1z\"><\/path><\/svg>\n                <\/button>\n                <div class=\"lightbox-image-container\">\n<figure class=\"wp-block-image size-large responsive-image\"><img decoding=\"async\" data-wp-bind--src=\"context.core.image.imageCurrentSrc\" data-wp-style--object-fit=\"selectors.core.image.lightboxObjectFit\" src=\"\" alt=\"\" class=\"wp-image-638\"\/><\/figure>\n<\/div>\n                <div class=\"lightbox-image-container\">\n<figure class=\"wp-block-image size-large enlarged-image\"><img decoding=\"async\" data-wp-bind--src=\"selectors.core.image.enlargedImgSrc\" data-wp-style--object-fit=\"selectors.core.image.lightboxObjectFit\" src=\"\" alt=\"\" class=\"wp-image-638\"\/><\/figure>\n<\/div>\n                <div class=\"scrim\" style=\"background-color: #ffffff\" aria-hidden=\"true\"><\/div>\n        <\/div><\/figure>\n\n\n\n<p><strong>Menyer<\/strong><br>Detektorernas popup-meny som visas vid h\u00f6gerklick p\u00e5 ritningarna \u00e4r ocks\u00e5 avskalad och visar endast aktuella alternativ beroende av detektortyp och system. <\/p>\n","protected":false},"excerpt":{"rendered":"<p>I ett s\u00e4kerhetssystem uppst\u00e5r det ibland br\u00e5dskande situationer vid larm och liknande. F\u00f6r personalen som ska hantera larm \u00e4r det av stor vikt att stress minimeras s\u00e5 att viktiga man\u00f6vrar hanteras korrekt. Noctu \u00e4r designat med detta grundkrav i \u00e5tanke. Noctu har ett avskalat gr\u00e4nssnitt d\u00e4r f\u00e4rger \u00e4r nedtonade och on\u00f6diga st\u00f6rande objekt minimeras. Starka [&hellip;]<\/p>\n","protected":false},"author":2,"featured_media":614,"parent":0,"menu_order":0,"comment_status":"closed","ping_status":"closed","template":"page-wide","meta":{"om_disable_all_campaigns":false,"_monsterinsights_skip_tracking":false,"_monsterinsights_sitenote_active":false,"_monsterinsights_sitenote_note":"","_monsterinsights_sitenote_category":0,"_uf_show_specific_survey":0,"_uf_disable_surveys":false,"footnotes":""},"aioseo_notices":[],"yoast_head":"<!-- This site is optimized with the Yoast SEO plugin v22.3 - https:\/\/yoast.com\/wordpress\/plugins\/seo\/ -->\n<title>Avskalat gr\u00e4nssnitt - Noctu<\/title>\n<meta name=\"robots\" content=\"index, follow, max-snippet:-1, max-image-preview:large, max-video-preview:-1\" \/>\n<link rel=\"canonical\" href=\"https:\/\/www.foab.se\/noctu\/index.php\/granssnitt\/\" \/>\n<meta property=\"og:locale\" content=\"sv_SE\" \/>\n<meta property=\"og:type\" content=\"article\" \/>\n<meta property=\"og:title\" content=\"Avskalat gr\u00e4nssnitt - Noctu\" \/>\n<meta property=\"og:description\" content=\"I ett s\u00e4kerhetssystem uppst\u00e5r det ibland br\u00e5dskande situationer vid larm och liknande. F\u00f6r personalen som ska hantera larm \u00e4r det av stor vikt att stress minimeras s\u00e5 att viktiga man\u00f6vrar hanteras korrekt. Noctu \u00e4r designat med detta grundkrav i \u00e5tanke. Noctu har ett avskalat gr\u00e4nssnitt d\u00e4r f\u00e4rger \u00e4r nedtonade och on\u00f6diga st\u00f6rande objekt minimeras. Starka [&hellip;]\" \/>\n<meta property=\"og:url\" content=\"https:\/\/www.foab.se\/noctu\/index.php\/granssnitt\/\" \/>\n<meta property=\"og:site_name\" content=\"Noctu\" \/>\n<meta property=\"og:image\" content=\"https:\/\/www.foab.se\/nynoctu\/wp-content\/uploads\/2024\/03\/Skarmavbild-2024-03-27-kl.-08.45.26-1024x688.jpg\" \/>\n<meta name=\"twitter:card\" content=\"summary_large_image\" \/>\n<meta name=\"twitter:label1\" content=\"Ber\u00e4knad l\u00e4stid\" \/>\n\t<meta name=\"twitter:data1\" content=\"1 minut\" \/>\n<script type=\"application\/ld+json\" class=\"yoast-schema-graph\">{\"@context\":\"https:\/\/schema.org\",\"@graph\":[{\"@type\":\"WebPage\",\"@id\":\"https:\/\/www.foab.se\/noctu\/index.php\/granssnitt\/\",\"url\":\"https:\/\/www.foab.se\/noctu\/index.php\/granssnitt\/\",\"name\":\"Avskalat gr\u00e4nssnitt - Noctu\",\"isPartOf\":{\"@id\":\"https:\/\/www.foab.se\/noctu\/#website\"},\"primaryImageOfPage\":{\"@id\":\"https:\/\/www.foab.se\/noctu\/index.php\/granssnitt\/#primaryimage\"},\"image\":{\"@id\":\"https:\/\/www.foab.se\/noctu\/index.php\/granssnitt\/#primaryimage\"},\"thumbnailUrl\":\"https:\/\/www.foab.se\/noctu\/wp-content\/uploads\/2024\/03\/Skarmavbild-2024-03-26-kl.-16.49.16-scaled-1.jpg\",\"datePublished\":\"2024-03-02T12:48:46+00:00\",\"dateModified\":\"2024-03-02T12:48:46+00:00\",\"breadcrumb\":{\"@id\":\"https:\/\/www.foab.se\/noctu\/index.php\/granssnitt\/#breadcrumb\"},\"inLanguage\":\"sv-SE\",\"potentialAction\":[{\"@type\":\"ReadAction\",\"target\":[\"https:\/\/www.foab.se\/noctu\/index.php\/granssnitt\/\"]}]},{\"@type\":\"ImageObject\",\"inLanguage\":\"sv-SE\",\"@id\":\"https:\/\/www.foab.se\/noctu\/index.php\/granssnitt\/#primaryimage\",\"url\":\"https:\/\/www.foab.se\/noctu\/wp-content\/uploads\/2024\/03\/Skarmavbild-2024-03-26-kl.-16.49.16-scaled-1.jpg\",\"contentUrl\":\"https:\/\/www.foab.se\/noctu\/wp-content\/uploads\/2024\/03\/Skarmavbild-2024-03-26-kl.-16.49.16-scaled-1.jpg\",\"width\":2560,\"height\":1491},{\"@type\":\"BreadcrumbList\",\"@id\":\"https:\/\/www.foab.se\/noctu\/index.php\/granssnitt\/#breadcrumb\",\"itemListElement\":[{\"@type\":\"ListItem\",\"position\":1,\"name\":\"Home\",\"item\":\"https:\/\/www.foab.se\/noctu\/\"},{\"@type\":\"ListItem\",\"position\":2,\"name\":\"Avskalat gr\u00e4nssnitt\"}]},{\"@type\":\"WebSite\",\"@id\":\"https:\/\/www.foab.se\/noctu\/#website\",\"url\":\"https:\/\/www.foab.se\/noctu\/\",\"name\":\"Noctu\",\"description\":\"\",\"publisher\":{\"@id\":\"https:\/\/www.foab.se\/noctu\/#organization\"},\"potentialAction\":[{\"@type\":\"SearchAction\",\"target\":{\"@type\":\"EntryPoint\",\"urlTemplate\":\"https:\/\/www.foab.se\/noctu\/?s={search_term_string}\"},\"query-input\":\"required name=search_term_string\"}],\"inLanguage\":\"sv-SE\"},{\"@type\":\"Organization\",\"@id\":\"https:\/\/www.foab.se\/noctu\/#organization\",\"name\":\"Noctu\",\"url\":\"https:\/\/www.foab.se\/noctu\/\",\"logo\":{\"@type\":\"ImageObject\",\"inLanguage\":\"sv-SE\",\"@id\":\"https:\/\/www.foab.se\/noctu\/#\/schema\/logo\/image\/\",\"url\":\"https:\/\/www.foab.se\/noctu\/wp-content\/uploads\/2024\/04\/image-1024x347-1-edited.png\",\"contentUrl\":\"https:\/\/www.foab.se\/noctu\/wp-content\/uploads\/2024\/04\/image-1024x347-1-edited.png\",\"width\":846,\"height\":287,\"caption\":\"Noctu\"},\"image\":{\"@id\":\"https:\/\/www.foab.se\/noctu\/#\/schema\/logo\/image\/\"}}]}<\/script>\n<!-- \/ Yoast SEO plugin. -->","yoast_head_json":{"title":"Avskalat gr\u00e4nssnitt - Noctu","robots":{"index":"index","follow":"follow","max-snippet":"max-snippet:-1","max-image-preview":"max-image-preview:large","max-video-preview":"max-video-preview:-1"},"canonical":"https:\/\/www.foab.se\/noctu\/index.php\/granssnitt\/","og_locale":"sv_SE","og_type":"article","og_title":"Avskalat gr\u00e4nssnitt - Noctu","og_description":"I ett s\u00e4kerhetssystem uppst\u00e5r det ibland br\u00e5dskande situationer vid larm och liknande. F\u00f6r personalen som ska hantera larm \u00e4r det av stor vikt att stress minimeras s\u00e5 att viktiga man\u00f6vrar hanteras korrekt. Noctu \u00e4r designat med detta grundkrav i \u00e5tanke. Noctu har ett avskalat gr\u00e4nssnitt d\u00e4r f\u00e4rger \u00e4r nedtonade och on\u00f6diga st\u00f6rande objekt minimeras. Starka [&hellip;]","og_url":"https:\/\/www.foab.se\/noctu\/index.php\/granssnitt\/","og_site_name":"Noctu","og_image":[{"url":"https:\/\/www.foab.se\/nynoctu\/wp-content\/uploads\/2024\/03\/Skarmavbild-2024-03-27-kl.-08.45.26-1024x688.jpg"}],"twitter_card":"summary_large_image","twitter_misc":{"Ber\u00e4knad l\u00e4stid":"1 minut"},"schema":{"@context":"https:\/\/schema.org","@graph":[{"@type":"WebPage","@id":"https:\/\/www.foab.se\/noctu\/index.php\/granssnitt\/","url":"https:\/\/www.foab.se\/noctu\/index.php\/granssnitt\/","name":"Avskalat gr\u00e4nssnitt - Noctu","isPartOf":{"@id":"https:\/\/www.foab.se\/noctu\/#website"},"primaryImageOfPage":{"@id":"https:\/\/www.foab.se\/noctu\/index.php\/granssnitt\/#primaryimage"},"image":{"@id":"https:\/\/www.foab.se\/noctu\/index.php\/granssnitt\/#primaryimage"},"thumbnailUrl":"https:\/\/www.foab.se\/noctu\/wp-content\/uploads\/2024\/03\/Skarmavbild-2024-03-26-kl.-16.49.16-scaled-1.jpg","datePublished":"2024-03-02T12:48:46+00:00","dateModified":"2024-03-02T12:48:46+00:00","breadcrumb":{"@id":"https:\/\/www.foab.se\/noctu\/index.php\/granssnitt\/#breadcrumb"},"inLanguage":"sv-SE","potentialAction":[{"@type":"ReadAction","target":["https:\/\/www.foab.se\/noctu\/index.php\/granssnitt\/"]}]},{"@type":"ImageObject","inLanguage":"sv-SE","@id":"https:\/\/www.foab.se\/noctu\/index.php\/granssnitt\/#primaryimage","url":"https:\/\/www.foab.se\/noctu\/wp-content\/uploads\/2024\/03\/Skarmavbild-2024-03-26-kl.-16.49.16-scaled-1.jpg","contentUrl":"https:\/\/www.foab.se\/noctu\/wp-content\/uploads\/2024\/03\/Skarmavbild-2024-03-26-kl.-16.49.16-scaled-1.jpg","width":2560,"height":1491},{"@type":"BreadcrumbList","@id":"https:\/\/www.foab.se\/noctu\/index.php\/granssnitt\/#breadcrumb","itemListElement":[{"@type":"ListItem","position":1,"name":"Home","item":"https:\/\/www.foab.se\/noctu\/"},{"@type":"ListItem","position":2,"name":"Avskalat gr\u00e4nssnitt"}]},{"@type":"WebSite","@id":"https:\/\/www.foab.se\/noctu\/#website","url":"https:\/\/www.foab.se\/noctu\/","name":"Noctu","description":"","publisher":{"@id":"https:\/\/www.foab.se\/noctu\/#organization"},"potentialAction":[{"@type":"SearchAction","target":{"@type":"EntryPoint","urlTemplate":"https:\/\/www.foab.se\/noctu\/?s={search_term_string}"},"query-input":"required name=search_term_string"}],"inLanguage":"sv-SE"},{"@type":"Organization","@id":"https:\/\/www.foab.se\/noctu\/#organization","name":"Noctu","url":"https:\/\/www.foab.se\/noctu\/","logo":{"@type":"ImageObject","inLanguage":"sv-SE","@id":"https:\/\/www.foab.se\/noctu\/#\/schema\/logo\/image\/","url":"https:\/\/www.foab.se\/noctu\/wp-content\/uploads\/2024\/04\/image-1024x347-1-edited.png","contentUrl":"https:\/\/www.foab.se\/noctu\/wp-content\/uploads\/2024\/04\/image-1024x347-1-edited.png","width":846,"height":287,"caption":"Noctu"},"image":{"@id":"https:\/\/www.foab.se\/noctu\/#\/schema\/logo\/image\/"}}]}},"_links":{"self":[{"href":"https:\/\/www.foab.se\/noctu\/index.php\/wp-json\/wp\/v2\/pages\/226"}],"collection":[{"href":"https:\/\/www.foab.se\/noctu\/index.php\/wp-json\/wp\/v2\/pages"}],"about":[{"href":"https:\/\/www.foab.se\/noctu\/index.php\/wp-json\/wp\/v2\/types\/page"}],"author":[{"embeddable":true,"href":"https:\/\/www.foab.se\/noctu\/index.php\/wp-json\/wp\/v2\/users\/2"}],"replies":[{"embeddable":true,"href":"https:\/\/www.foab.se\/noctu\/index.php\/wp-json\/wp\/v2\/comments?post=226"}],"version-history":[{"count":0,"href":"https:\/\/www.foab.se\/noctu\/index.php\/wp-json\/wp\/v2\/pages\/226\/revisions"}],"wp:featuredmedia":[{"embeddable":true,"href":"https:\/\/www.foab.se\/noctu\/index.php\/wp-json\/wp\/v2\/media\/614"}],"wp:attachment":[{"href":"https:\/\/www.foab.se\/noctu\/index.php\/wp-json\/wp\/v2\/media?parent=226"}],"curies":[{"name":"wp","href":"https:\/\/api.w.org\/{rel}","templated":true}]}}