{"id":238,"date":"2024-03-03T09:18:23","date_gmt":"2024-03-03T08:18:23","guid":{"rendered":"https:\/\/www.foab.se\/nynoctu\/?page_id=238"},"modified":"2024-03-03T09:18:23","modified_gmt":"2024-03-03T08:18:23","slug":"menyer","status":"publish","type":"page","link":"https:\/\/www.foab.se\/noctu\/index.php\/menyer\/","title":{"rendered":"Menyer"},"content":{"rendered":"\n<p><strong>Att snabbt hitta det man s\u00f6ker i Noctu \u00e4r grundl\u00e4ggande f\u00f6r att anv\u00e4ndarna ska k\u00e4nna sig trygga med anl\u00e4ggningen. Noctus huvudmeny, f\u00f6nstermeny och popup-meny samlar ihop alla funktioner p\u00e5 ett logiskt och tydligt s\u00e4tt.<\/strong><\/p>\n\n\n\n<p>Vi valde att samla ihop funktionerna i Noctu f\u00f6r att anv\u00e4ndare ska slippa klicka och leta p\u00e5 olika st\u00e4llen. Menyerna \u00e4r dessutom dynamiska och anpassar sig efter tidigare val och system.<\/p>\n\n\n\n<p><strong>Huvudmenyn<\/strong><br>Huvudmenyn \u00e4r uppdelad efter kategorier och alla menyval har f\u00f6rklarande texter. De mest klickade valen samlas i en \u00f6versikt s\u00e5 att det g\u00e5r snabbt att hitta dem.<\/p>\n\n\n\n<figure data-wp-context=\"{ &quot;core&quot;:\n\t\t\t\t{ &quot;image&quot;:\n\t\t\t\t\t{   &quot;imageLoaded&quot;: false,\n\t\t\t\t\t\t&quot;initialized&quot;: false,\n\t\t\t\t\t\t&quot;lightboxEnabled&quot;: false,\n\t\t\t\t\t\t&quot;hideAnimationEnabled&quot;: false,\n\t\t\t\t\t\t&quot;preloadInitialized&quot;: false,\n\t\t\t\t\t\t&quot;lightboxAnimation&quot;: &quot;zoom&quot;,\n\t\t\t\t\t\t&quot;imageUploadedSrc&quot;: &quot;https:\/\/www.foab.se\/noctu\/wp-content\/uploads\/2024\/03\/Skarmavbild-2024-03-27-kl.-08.45.26.jpg&quot;,\n\t\t\t\t\t\t&quot;imageCurrentSrc&quot;: &quot;&quot;,\n\t\t\t\t\t\t&quot;targetWidth&quot;: &quot;1822&quot;,\n\t\t\t\t\t\t&quot;targetHeight&quot;: &quot;1224&quot;,\n\t\t\t\t\t\t&quot;scaleAttr&quot;: &quot;&quot;,\n\t\t\t\t\t\t&quot;dialogLabel&quot;: &quot;F\u00f6rstorad bild&quot;\n\t\t\t\t\t}\n\t\t\t\t}\n\t\t\t}\" data-wp-interactive class=\"wp-block-image size-large wp-lightbox-container\"><img loading=\"lazy\" decoding=\"async\" width=\"1024\" height=\"688\" data-wp-effect--setStylesOnResize=\"effects.core.image.setStylesOnResize\" data-wp-effect=\"effects.core.image.setButtonStyles\" data-wp-init=\"effects.core.image.initOriginImage\" data-wp-on--click=\"actions.core.image.showLightbox\" data-wp-on--load=\"actions.core.image.handleLoad\" src=\"https:\/\/www.foab.se\/noctu\/wp-content\/uploads\/2024\/03\/Skarmavbild-2024-03-27-kl.-08.45.26-1024x688.jpg\" alt=\"\" class=\"wp-image-638\" srcset=\"https:\/\/www.foab.se\/noctu\/wp-content\/uploads\/2024\/03\/Skarmavbild-2024-03-27-kl.-08.45.26-1024x688.jpg 1024w, https:\/\/www.foab.se\/noctu\/wp-content\/uploads\/2024\/03\/Skarmavbild-2024-03-27-kl.-08.45.26-300x202.jpg 300w, https:\/\/www.foab.se\/noctu\/wp-content\/uploads\/2024\/03\/Skarmavbild-2024-03-27-kl.-08.45.26-768x516.jpg 768w, https:\/\/www.foab.se\/noctu\/wp-content\/uploads\/2024\/03\/Skarmavbild-2024-03-27-kl.-08.45.26-1536x1032.jpg 1536w, https:\/\/www.foab.se\/noctu\/wp-content\/uploads\/2024\/03\/Skarmavbild-2024-03-27-kl.-08.45.26.jpg 1822w\" sizes=\"(max-width: 1024px) 100vw, 1024px\" \/><button\n\t\t\tclass=\"lightbox-trigger\"\n\t\t\ttype=\"button\"\n\t\t\taria-haspopup=\"dialog\"\n\t\t\taria-label=\"F\u00f6rstora bild\"\n\t\t\tdata-wp-on--click=\"actions.core.image.showLightbox\"\n\t\t\tdata-wp-style--right=\"context.core.image.imageButtonRight\"\n\t\t\tdata-wp-style--top=\"context.core.image.imageButtonTop\"\n\t\t>\n\t\t\t<svg xmlns=\"http:\/\/www.w3.org\/2000\/svg\" width=\"12\" height=\"12\" fill=\"none\" viewBox=\"0 0 12 12\">\n\t\t\t\t<path fill=\"#fff\" d=\"M2 0a2 2 0 0 0-2 2v2h1.5V2a.5.5 0 0 1 .5-.5h2V0H2Zm2 10.5H2a.5.5 0 0 1-.5-.5V8H0v2a2 2 0 0 0 2 2h2v-1.5ZM8 12v-1.5h2a.5.5 0 0 0 .5-.5V8H12v2a2 2 0 0 1-2 2H8Zm2-12a2 2 0 0 1 2 2v2h-1.5V2a.5.5 0 0 0-.5-.5H8V0h2Z\" \/>\n\t\t\t<\/svg>\n\t\t<\/button>        <div data-wp-body=\"\" class=\"wp-lightbox-overlay zoom\"\n            data-wp-bind--role=\"selectors.core.image.roleAttribute\"\n            data-wp-bind--aria-label=\"selectors.core.image.dialogLabel\"\n            data-wp-class--initialized=\"context.core.image.initialized\"\n            data-wp-class--active=\"context.core.image.lightboxEnabled\"\n            data-wp-class--hideAnimationEnabled=\"context.core.image.hideAnimationEnabled\"\n            data-wp-bind--aria-modal=\"selectors.core.image.ariaModal\"\n            data-wp-effect=\"effects.core.image.initLightbox\"\n            data-wp-on--keydown=\"actions.core.image.handleKeydown\"\n            data-wp-on--touchstart=\"actions.core.image.handleTouchStart\"\n            data-wp-on--touchmove=\"actions.core.image.handleTouchMove\"\n            data-wp-on--touchend=\"actions.core.image.handleTouchEnd\"\n            data-wp-on--click=\"actions.core.image.hideLightbox\"\n            tabindex=\"-1\"\n            >\n                <button type=\"button\" aria-label=\"St\u00e4ng\" style=\"fill: var(--wp--preset--color--contrast)\" class=\"close-button\" data-wp-on--click=\"actions.core.image.hideLightbox\">\n                    <svg xmlns=\"http:\/\/www.w3.org\/2000\/svg\" viewBox=\"0 0 24 24\" width=\"20\" height=\"20\" aria-hidden=\"true\" focusable=\"false\"><path d=\"M13 11.8l6.1-6.3-1-1-6.1 6.2-6.1-6.2-1 1 6.1 6.3-6.5 6.7 1 1 6.5-6.6 6.5 6.6 1-1z\"><\/path><\/svg>\n                <\/button>\n                <div class=\"lightbox-image-container\">\n<figure class=\"wp-block-image size-large responsive-image\"><img decoding=\"async\" data-wp-bind--src=\"context.core.image.imageCurrentSrc\" data-wp-style--object-fit=\"selectors.core.image.lightboxObjectFit\" src=\"\" alt=\"\" class=\"wp-image-638\"\/><\/figure>\n<\/div>\n                <div class=\"lightbox-image-container\">\n<figure class=\"wp-block-image size-large enlarged-image\"><img decoding=\"async\" data-wp-bind--src=\"selectors.core.image.enlargedImgSrc\" data-wp-style--object-fit=\"selectors.core.image.lightboxObjectFit\" src=\"\" alt=\"\" class=\"wp-image-638\"\/><\/figure>\n<\/div>\n                <div class=\"scrim\" style=\"background-color: #ffffff\" aria-hidden=\"true\"><\/div>\n        <\/div><\/figure>\n\n\n\n<p><strong>Popup-meny<br><\/strong>H\u00f6gerklickning p\u00e5 detektorer p\u00e5 ritningarna visar popup-menyn. Menyn anpassar menyalternativen efter vilket system som detektorn tillh\u00f6r. En kortl\u00e4sare har t.ex. funktioner f\u00f6r att l\u00e5sa och l\u00e5sa upp d\u00f6rrar.<\/p>\n\n\n\n<figure data-wp-context=\"{ &quot;core&quot;:\n\t\t\t\t{ &quot;image&quot;:\n\t\t\t\t\t{   &quot;imageLoaded&quot;: false,\n\t\t\t\t\t\t&quot;initialized&quot;: false,\n\t\t\t\t\t\t&quot;lightboxEnabled&quot;: false,\n\t\t\t\t\t\t&quot;hideAnimationEnabled&quot;: false,\n\t\t\t\t\t\t&quot;preloadInitialized&quot;: false,\n\t\t\t\t\t\t&quot;lightboxAnimation&quot;: &quot;zoom&quot;,\n\t\t\t\t\t\t&quot;imageUploadedSrc&quot;: &quot;https:\/\/www.foab.se\/noctu\/wp-content\/uploads\/2024\/03\/Skarmavbild-2024-03-27-kl.-08.51.45.jpg&quot;,\n\t\t\t\t\t\t&quot;imageCurrentSrc&quot;: &quot;&quot;,\n\t\t\t\t\t\t&quot;targetWidth&quot;: &quot;2058&quot;,\n\t\t\t\t\t\t&quot;targetHeight&quot;: &quot;1680&quot;,\n\t\t\t\t\t\t&quot;scaleAttr&quot;: &quot;&quot;,\n\t\t\t\t\t\t&quot;dialogLabel&quot;: &quot;F\u00f6rstorad bild&quot;\n\t\t\t\t\t}\n\t\t\t\t}\n\t\t\t}\" data-wp-interactive class=\"wp-block-image size-large wp-lightbox-container\"><img loading=\"lazy\" decoding=\"async\" width=\"1024\" height=\"836\" data-wp-effect--setStylesOnResize=\"effects.core.image.setStylesOnResize\" data-wp-effect=\"effects.core.image.setButtonStyles\" data-wp-init=\"effects.core.image.initOriginImage\" data-wp-on--click=\"actions.core.image.showLightbox\" data-wp-on--load=\"actions.core.image.handleLoad\" src=\"https:\/\/www.foab.se\/noctu\/wp-content\/uploads\/2024\/03\/Skarmavbild-2024-03-27-kl.-08.51.45-1024x836.jpg\" alt=\"\" class=\"wp-image-642\" srcset=\"https:\/\/www.foab.se\/noctu\/wp-content\/uploads\/2024\/03\/Skarmavbild-2024-03-27-kl.-08.51.45-1024x836.jpg 1024w, https:\/\/www.foab.se\/noctu\/wp-content\/uploads\/2024\/03\/Skarmavbild-2024-03-27-kl.-08.51.45-300x245.jpg 300w, https:\/\/www.foab.se\/noctu\/wp-content\/uploads\/2024\/03\/Skarmavbild-2024-03-27-kl.-08.51.45-768x627.jpg 768w, https:\/\/www.foab.se\/noctu\/wp-content\/uploads\/2024\/03\/Skarmavbild-2024-03-27-kl.-08.51.45-1536x1254.jpg 1536w, https:\/\/www.foab.se\/noctu\/wp-content\/uploads\/2024\/03\/Skarmavbild-2024-03-27-kl.-08.51.45-2048x1672.jpg 2048w\" sizes=\"(max-width: 1024px) 100vw, 1024px\" \/><button\n\t\t\tclass=\"lightbox-trigger\"\n\t\t\ttype=\"button\"\n\t\t\taria-haspopup=\"dialog\"\n\t\t\taria-label=\"F\u00f6rstora bild\"\n\t\t\tdata-wp-on--click=\"actions.core.image.showLightbox\"\n\t\t\tdata-wp-style--right=\"context.core.image.imageButtonRight\"\n\t\t\tdata-wp-style--top=\"context.core.image.imageButtonTop\"\n\t\t>\n\t\t\t<svg xmlns=\"http:\/\/www.w3.org\/2000\/svg\" width=\"12\" height=\"12\" fill=\"none\" viewBox=\"0 0 12 12\">\n\t\t\t\t<path fill=\"#fff\" d=\"M2 0a2 2 0 0 0-2 2v2h1.5V2a.5.5 0 0 1 .5-.5h2V0H2Zm2 10.5H2a.5.5 0 0 1-.5-.5V8H0v2a2 2 0 0 0 2 2h2v-1.5ZM8 12v-1.5h2a.5.5 0 0 0 .5-.5V8H12v2a2 2 0 0 1-2 2H8Zm2-12a2 2 0 0 1 2 2v2h-1.5V2a.5.5 0 0 0-.5-.5H8V0h2Z\" \/>\n\t\t\t<\/svg>\n\t\t<\/button>        <div data-wp-body=\"\" class=\"wp-lightbox-overlay zoom\"\n            data-wp-bind--role=\"selectors.core.image.roleAttribute\"\n            data-wp-bind--aria-label=\"selectors.core.image.dialogLabel\"\n            data-wp-class--initialized=\"context.core.image.initialized\"\n            data-wp-class--active=\"context.core.image.lightboxEnabled\"\n            data-wp-class--hideAnimationEnabled=\"context.core.image.hideAnimationEnabled\"\n            data-wp-bind--aria-modal=\"selectors.core.image.ariaModal\"\n            data-wp-effect=\"effects.core.image.initLightbox\"\n            data-wp-on--keydown=\"actions.core.image.handleKeydown\"\n            data-wp-on--touchstart=\"actions.core.image.handleTouchStart\"\n            data-wp-on--touchmove=\"actions.core.image.handleTouchMove\"\n            data-wp-on--touchend=\"actions.core.image.handleTouchEnd\"\n            data-wp-on--click=\"actions.core.image.hideLightbox\"\n            tabindex=\"-1\"\n            >\n                <button type=\"button\" aria-label=\"St\u00e4ng\" style=\"fill: var(--wp--preset--color--contrast)\" class=\"close-button\" data-wp-on--click=\"actions.core.image.hideLightbox\">\n                    <svg xmlns=\"http:\/\/www.w3.org\/2000\/svg\" viewBox=\"0 0 24 24\" width=\"20\" height=\"20\" aria-hidden=\"true\" focusable=\"false\"><path d=\"M13 11.8l6.1-6.3-1-1-6.1 6.2-6.1-6.2-1 1 6.1 6.3-6.5 6.7 1 1 6.5-6.6 6.5 6.6 1-1z\"><\/path><\/svg>\n                <\/button>\n                <div class=\"lightbox-image-container\">\n<figure class=\"wp-block-image size-large responsive-image\"><img decoding=\"async\" data-wp-bind--src=\"context.core.image.imageCurrentSrc\" data-wp-style--object-fit=\"selectors.core.image.lightboxObjectFit\" src=\"\" alt=\"\" class=\"wp-image-642\"\/><\/figure>\n<\/div>\n                <div class=\"lightbox-image-container\">\n<figure class=\"wp-block-image size-large enlarged-image\"><img decoding=\"async\" data-wp-bind--src=\"selectors.core.image.enlargedImgSrc\" data-wp-style--object-fit=\"selectors.core.image.lightboxObjectFit\" src=\"\" alt=\"\" class=\"wp-image-642\"\/><\/figure>\n<\/div>\n                <div class=\"scrim\" style=\"background-color: #ffffff\" aria-hidden=\"true\"><\/div>\n        <\/div><\/figure>\n\n\n\n<p><strong>F\u00f6nstermeny<\/strong><br>Noctu har ett flertal alternativ f\u00f6r att visa f\u00f6nster i olika vyer och sk\u00e4rml\u00e4gen. F\u00f6r att g\u00f6ra det \u00f6versk\u00e5dligt och enkelt f\u00f6r anv\u00e4ndarna samlade vi dessa i en tydlig meny f\u00f6r att snabbt kunna v\u00e4xla mellan f\u00f6nster. <\/p>\n","protected":false},"excerpt":{"rendered":"<p>Att snabbt hitta det man s\u00f6ker i Noctu \u00e4r grundl\u00e4ggande f\u00f6r att anv\u00e4ndarna ska k\u00e4nna sig trygga med anl\u00e4ggningen. Noctus huvudmeny, f\u00f6nstermeny och popup-meny samlar ihop alla funktioner p\u00e5 ett logiskt och tydligt s\u00e4tt. Vi valde att samla ihop funktionerna i Noctu f\u00f6r att anv\u00e4ndare ska slippa klicka och leta p\u00e5 olika st\u00e4llen. Menyerna \u00e4r [&hellip;]<\/p>\n","protected":false},"author":2,"featured_media":615,"parent":0,"menu_order":0,"comment_status":"closed","ping_status":"closed","template":"page-wide","meta":{"om_disable_all_campaigns":false,"_monsterinsights_skip_tracking":false,"_monsterinsights_sitenote_active":false,"_monsterinsights_sitenote_note":"","_monsterinsights_sitenote_category":0,"_uf_show_specific_survey":0,"_uf_disable_surveys":false,"footnotes":""},"aioseo_notices":[],"yoast_head":"<!-- This site is optimized with the Yoast SEO plugin v22.3 - https:\/\/yoast.com\/wordpress\/plugins\/seo\/ -->\n<title>Menyer - Noctu<\/title>\n<meta name=\"robots\" content=\"index, follow, max-snippet:-1, max-image-preview:large, max-video-preview:-1\" \/>\n<link rel=\"canonical\" href=\"https:\/\/www.foab.se\/noctu\/index.php\/menyer\/\" \/>\n<meta property=\"og:locale\" content=\"sv_SE\" \/>\n<meta property=\"og:type\" content=\"article\" \/>\n<meta property=\"og:title\" content=\"Menyer - Noctu\" \/>\n<meta property=\"og:description\" content=\"Att snabbt hitta det man s\u00f6ker i Noctu \u00e4r grundl\u00e4ggande f\u00f6r att anv\u00e4ndarna ska k\u00e4nna sig trygga med anl\u00e4ggningen. Noctus huvudmeny, f\u00f6nstermeny och popup-meny samlar ihop alla funktioner p\u00e5 ett logiskt och tydligt s\u00e4tt. Vi valde att samla ihop funktionerna i Noctu f\u00f6r att anv\u00e4ndare ska slippa klicka och leta p\u00e5 olika st\u00e4llen. Menyerna \u00e4r [&hellip;]\" \/>\n<meta property=\"og:url\" content=\"https:\/\/www.foab.se\/noctu\/index.php\/menyer\/\" \/>\n<meta property=\"og:site_name\" content=\"Noctu\" \/>\n<meta property=\"og:image\" content=\"https:\/\/www.foab.se\/nynoctu\/wp-content\/uploads\/2024\/03\/Skarmavbild-2024-03-27-kl.-08.45.26-1024x688.jpg\" \/>\n<meta name=\"twitter:card\" content=\"summary_large_image\" \/>\n<meta name=\"twitter:label1\" content=\"Ber\u00e4knad l\u00e4stid\" \/>\n\t<meta name=\"twitter:data1\" content=\"1 minut\" \/>\n<script type=\"application\/ld+json\" class=\"yoast-schema-graph\">{\"@context\":\"https:\/\/schema.org\",\"@graph\":[{\"@type\":\"WebPage\",\"@id\":\"https:\/\/www.foab.se\/noctu\/index.php\/menyer\/\",\"url\":\"https:\/\/www.foab.se\/noctu\/index.php\/menyer\/\",\"name\":\"Menyer - Noctu\",\"isPartOf\":{\"@id\":\"https:\/\/www.foab.se\/noctu\/#website\"},\"primaryImageOfPage\":{\"@id\":\"https:\/\/www.foab.se\/noctu\/index.php\/menyer\/#primaryimage\"},\"image\":{\"@id\":\"https:\/\/www.foab.se\/noctu\/index.php\/menyer\/#primaryimage\"},\"thumbnailUrl\":\"https:\/\/www.foab.se\/noctu\/wp-content\/uploads\/2024\/03\/Skarmavbild-2024-03-26-kl.-16.51.53-scaled-1.jpg\",\"datePublished\":\"2024-03-03T08:18:23+00:00\",\"dateModified\":\"2024-03-03T08:18:23+00:00\",\"breadcrumb\":{\"@id\":\"https:\/\/www.foab.se\/noctu\/index.php\/menyer\/#breadcrumb\"},\"inLanguage\":\"sv-SE\",\"potentialAction\":[{\"@type\":\"ReadAction\",\"target\":[\"https:\/\/www.foab.se\/noctu\/index.php\/menyer\/\"]}]},{\"@type\":\"ImageObject\",\"inLanguage\":\"sv-SE\",\"@id\":\"https:\/\/www.foab.se\/noctu\/index.php\/menyer\/#primaryimage\",\"url\":\"https:\/\/www.foab.se\/noctu\/wp-content\/uploads\/2024\/03\/Skarmavbild-2024-03-26-kl.-16.51.53-scaled-1.jpg\",\"contentUrl\":\"https:\/\/www.foab.se\/noctu\/wp-content\/uploads\/2024\/03\/Skarmavbild-2024-03-26-kl.-16.51.53-scaled-1.jpg\",\"width\":2560,\"height\":1491},{\"@type\":\"BreadcrumbList\",\"@id\":\"https:\/\/www.foab.se\/noctu\/index.php\/menyer\/#breadcrumb\",\"itemListElement\":[{\"@type\":\"ListItem\",\"position\":1,\"name\":\"Home\",\"item\":\"https:\/\/www.foab.se\/noctu\/\"},{\"@type\":\"ListItem\",\"position\":2,\"name\":\"Menyer\"}]},{\"@type\":\"WebSite\",\"@id\":\"https:\/\/www.foab.se\/noctu\/#website\",\"url\":\"https:\/\/www.foab.se\/noctu\/\",\"name\":\"Noctu\",\"description\":\"\",\"publisher\":{\"@id\":\"https:\/\/www.foab.se\/noctu\/#organization\"},\"potentialAction\":[{\"@type\":\"SearchAction\",\"target\":{\"@type\":\"EntryPoint\",\"urlTemplate\":\"https:\/\/www.foab.se\/noctu\/?s={search_term_string}\"},\"query-input\":\"required name=search_term_string\"}],\"inLanguage\":\"sv-SE\"},{\"@type\":\"Organization\",\"@id\":\"https:\/\/www.foab.se\/noctu\/#organization\",\"name\":\"Noctu\",\"url\":\"https:\/\/www.foab.se\/noctu\/\",\"logo\":{\"@type\":\"ImageObject\",\"inLanguage\":\"sv-SE\",\"@id\":\"https:\/\/www.foab.se\/noctu\/#\/schema\/logo\/image\/\",\"url\":\"https:\/\/www.foab.se\/noctu\/wp-content\/uploads\/2024\/04\/image-1024x347-1-edited.png\",\"contentUrl\":\"https:\/\/www.foab.se\/noctu\/wp-content\/uploads\/2024\/04\/image-1024x347-1-edited.png\",\"width\":846,\"height\":287,\"caption\":\"Noctu\"},\"image\":{\"@id\":\"https:\/\/www.foab.se\/noctu\/#\/schema\/logo\/image\/\"}}]}<\/script>\n<!-- \/ Yoast SEO plugin. -->","yoast_head_json":{"title":"Menyer - Noctu","robots":{"index":"index","follow":"follow","max-snippet":"max-snippet:-1","max-image-preview":"max-image-preview:large","max-video-preview":"max-video-preview:-1"},"canonical":"https:\/\/www.foab.se\/noctu\/index.php\/menyer\/","og_locale":"sv_SE","og_type":"article","og_title":"Menyer - Noctu","og_description":"Att snabbt hitta det man s\u00f6ker i Noctu \u00e4r grundl\u00e4ggande f\u00f6r att anv\u00e4ndarna ska k\u00e4nna sig trygga med anl\u00e4ggningen. Noctus huvudmeny, f\u00f6nstermeny och popup-meny samlar ihop alla funktioner p\u00e5 ett logiskt och tydligt s\u00e4tt. Vi valde att samla ihop funktionerna i Noctu f\u00f6r att anv\u00e4ndare ska slippa klicka och leta p\u00e5 olika st\u00e4llen. Menyerna \u00e4r [&hellip;]","og_url":"https:\/\/www.foab.se\/noctu\/index.php\/menyer\/","og_site_name":"Noctu","og_image":[{"url":"https:\/\/www.foab.se\/nynoctu\/wp-content\/uploads\/2024\/03\/Skarmavbild-2024-03-27-kl.-08.45.26-1024x688.jpg"}],"twitter_card":"summary_large_image","twitter_misc":{"Ber\u00e4knad l\u00e4stid":"1 minut"},"schema":{"@context":"https:\/\/schema.org","@graph":[{"@type":"WebPage","@id":"https:\/\/www.foab.se\/noctu\/index.php\/menyer\/","url":"https:\/\/www.foab.se\/noctu\/index.php\/menyer\/","name":"Menyer - Noctu","isPartOf":{"@id":"https:\/\/www.foab.se\/noctu\/#website"},"primaryImageOfPage":{"@id":"https:\/\/www.foab.se\/noctu\/index.php\/menyer\/#primaryimage"},"image":{"@id":"https:\/\/www.foab.se\/noctu\/index.php\/menyer\/#primaryimage"},"thumbnailUrl":"https:\/\/www.foab.se\/noctu\/wp-content\/uploads\/2024\/03\/Skarmavbild-2024-03-26-kl.-16.51.53-scaled-1.jpg","datePublished":"2024-03-03T08:18:23+00:00","dateModified":"2024-03-03T08:18:23+00:00","breadcrumb":{"@id":"https:\/\/www.foab.se\/noctu\/index.php\/menyer\/#breadcrumb"},"inLanguage":"sv-SE","potentialAction":[{"@type":"ReadAction","target":["https:\/\/www.foab.se\/noctu\/index.php\/menyer\/"]}]},{"@type":"ImageObject","inLanguage":"sv-SE","@id":"https:\/\/www.foab.se\/noctu\/index.php\/menyer\/#primaryimage","url":"https:\/\/www.foab.se\/noctu\/wp-content\/uploads\/2024\/03\/Skarmavbild-2024-03-26-kl.-16.51.53-scaled-1.jpg","contentUrl":"https:\/\/www.foab.se\/noctu\/wp-content\/uploads\/2024\/03\/Skarmavbild-2024-03-26-kl.-16.51.53-scaled-1.jpg","width":2560,"height":1491},{"@type":"BreadcrumbList","@id":"https:\/\/www.foab.se\/noctu\/index.php\/menyer\/#breadcrumb","itemListElement":[{"@type":"ListItem","position":1,"name":"Home","item":"https:\/\/www.foab.se\/noctu\/"},{"@type":"ListItem","position":2,"name":"Menyer"}]},{"@type":"WebSite","@id":"https:\/\/www.foab.se\/noctu\/#website","url":"https:\/\/www.foab.se\/noctu\/","name":"Noctu","description":"","publisher":{"@id":"https:\/\/www.foab.se\/noctu\/#organization"},"potentialAction":[{"@type":"SearchAction","target":{"@type":"EntryPoint","urlTemplate":"https:\/\/www.foab.se\/noctu\/?s={search_term_string}"},"query-input":"required name=search_term_string"}],"inLanguage":"sv-SE"},{"@type":"Organization","@id":"https:\/\/www.foab.se\/noctu\/#organization","name":"Noctu","url":"https:\/\/www.foab.se\/noctu\/","logo":{"@type":"ImageObject","inLanguage":"sv-SE","@id":"https:\/\/www.foab.se\/noctu\/#\/schema\/logo\/image\/","url":"https:\/\/www.foab.se\/noctu\/wp-content\/uploads\/2024\/04\/image-1024x347-1-edited.png","contentUrl":"https:\/\/www.foab.se\/noctu\/wp-content\/uploads\/2024\/04\/image-1024x347-1-edited.png","width":846,"height":287,"caption":"Noctu"},"image":{"@id":"https:\/\/www.foab.se\/noctu\/#\/schema\/logo\/image\/"}}]}},"_links":{"self":[{"href":"https:\/\/www.foab.se\/noctu\/index.php\/wp-json\/wp\/v2\/pages\/238"}],"collection":[{"href":"https:\/\/www.foab.se\/noctu\/index.php\/wp-json\/wp\/v2\/pages"}],"about":[{"href":"https:\/\/www.foab.se\/noctu\/index.php\/wp-json\/wp\/v2\/types\/page"}],"author":[{"embeddable":true,"href":"https:\/\/www.foab.se\/noctu\/index.php\/wp-json\/wp\/v2\/users\/2"}],"replies":[{"embeddable":true,"href":"https:\/\/www.foab.se\/noctu\/index.php\/wp-json\/wp\/v2\/comments?post=238"}],"version-history":[{"count":0,"href":"https:\/\/www.foab.se\/noctu\/index.php\/wp-json\/wp\/v2\/pages\/238\/revisions"}],"wp:featuredmedia":[{"embeddable":true,"href":"https:\/\/www.foab.se\/noctu\/index.php\/wp-json\/wp\/v2\/media\/615"}],"wp:attachment":[{"href":"https:\/\/www.foab.se\/noctu\/index.php\/wp-json\/wp\/v2\/media?parent=238"}],"curies":[{"name":"wp","href":"https:\/\/api.w.org\/{rel}","templated":true}]}}