{"id":250,"date":"2024-03-03T11:42:32","date_gmt":"2024-03-03T10:42:32","guid":{"rendered":"https:\/\/www.foab.se\/nynoctu\/?page_id=250"},"modified":"2024-03-03T11:42:32","modified_gmt":"2024-03-03T10:42:32","slug":"grafik","status":"publish","type":"page","link":"https:\/\/www.foab.se\/noctu\/index.php\/grafik\/","title":{"rendered":"Grafikmotor"},"content":{"rendered":"\n<p><strong>Upplevelsen att bl\u00e4ddra bland ritningar och att zooma och panorera \u00e4r viktig f\u00f6r helheten i systemet. Vi anv\u00e4nder oss av samma teknik som en del spel f\u00f6r att l\u00f6sa detta och resultatet blir en snabb, mjuk och anv\u00e4ndarv\u00e4nlig funktion.<\/strong><\/p>\n\n\n\n<p>Noctus grafikmotor \u00e4r konstruerad med Open-GL och anv\u00e4nder sig av grafikortets processor utan att belasta datorn. Ritningarna som anv\u00e4nds exporteras smidigt fr\u00e5n t.ex. AutoCad och kan visas b\u00e5de i 2D- och 3D-l\u00e4ge.<\/p>\n\n\n\n<p><strong>Dynamisk \u00f6versikt<\/strong><br>Ritningarna l\u00e4ggs in i en tr\u00e4dstruktur med omr\u00e5den, byggnader och v\u00e5ningsplan efter eget \u00f6nskem\u00e5l. Varje enskild ritning kan tilldelas en \u00f6versiktsritning och l\u00e4nkade omr\u00e5den kan v\u00e4xla vidare till nya vyer s\u00e5 att det t.ex. g\u00e5r att ha en klickbar \u00f6versikt som l\u00e4nkar vidare till byggnader m.m.<br><br>Vid h\u00e4ndelse av larm s\u00e5 kan Noctu \u00e4ven st\u00e4llas in f\u00f6r automatisk inzoomning av detektor som larmar och olika larmvyer kan anv\u00e4ndas f\u00f6r olika situationer. Inst\u00e4llningarna \u00e4r omfattande och utf\u00f6rs f\u00f6r varje enskild klient.<br><\/p>\n","protected":false},"excerpt":{"rendered":"<p>Upplevelsen att bl\u00e4ddra bland ritningar och att zooma och panorera \u00e4r viktig f\u00f6r helheten i systemet. Vi anv\u00e4nder oss av samma teknik som en del spel f\u00f6r att l\u00f6sa detta och resultatet blir en snabb, mjuk och anv\u00e4ndarv\u00e4nlig funktion. Noctus grafikmotor \u00e4r konstruerad med Open-GL och anv\u00e4nder sig av grafikortets processor utan att belasta datorn. [&hellip;]<\/p>\n","protected":false},"author":2,"featured_media":621,"parent":0,"menu_order":0,"comment_status":"closed","ping_status":"closed","template":"page-wide","meta":{"om_disable_all_campaigns":false,"_monsterinsights_skip_tracking":false,"_monsterinsights_sitenote_active":false,"_monsterinsights_sitenote_note":"","_monsterinsights_sitenote_category":0,"_uf_show_specific_survey":0,"_uf_disable_surveys":false,"footnotes":""},"aioseo_notices":[],"yoast_head":"<!-- This site is optimized with the Yoast SEO plugin v22.3 - https:\/\/yoast.com\/wordpress\/plugins\/seo\/ -->\n<title>Grafikmotor - Noctu<\/title>\n<meta name=\"robots\" content=\"index, follow, max-snippet:-1, max-image-preview:large, max-video-preview:-1\" \/>\n<link rel=\"canonical\" href=\"https:\/\/www.foab.se\/noctu\/index.php\/grafik\/\" \/>\n<meta property=\"og:locale\" content=\"sv_SE\" \/>\n<meta property=\"og:type\" content=\"article\" \/>\n<meta property=\"og:title\" content=\"Grafikmotor - Noctu\" \/>\n<meta property=\"og:description\" content=\"Upplevelsen att bl\u00e4ddra bland ritningar och att zooma och panorera \u00e4r viktig f\u00f6r helheten i systemet. Vi anv\u00e4nder oss av samma teknik som en del spel f\u00f6r att l\u00f6sa detta och resultatet blir en snabb, mjuk och anv\u00e4ndarv\u00e4nlig funktion. Noctus grafikmotor \u00e4r konstruerad med Open-GL och anv\u00e4nder sig av grafikortets processor utan att belasta datorn. [&hellip;]\" \/>\n<meta property=\"og:url\" content=\"https:\/\/www.foab.se\/noctu\/index.php\/grafik\/\" \/>\n<meta property=\"og:site_name\" content=\"Noctu\" \/>\n<meta name=\"twitter:card\" content=\"summary_large_image\" \/>\n<meta name=\"twitter:label1\" content=\"Ber\u00e4knad l\u00e4stid\" \/>\n\t<meta name=\"twitter:data1\" content=\"1 minut\" \/>\n<script type=\"application\/ld+json\" class=\"yoast-schema-graph\">{\"@context\":\"https:\/\/schema.org\",\"@graph\":[{\"@type\":\"WebPage\",\"@id\":\"https:\/\/www.foab.se\/noctu\/index.php\/grafik\/\",\"url\":\"https:\/\/www.foab.se\/noctu\/index.php\/grafik\/\",\"name\":\"Grafikmotor - Noctu\",\"isPartOf\":{\"@id\":\"https:\/\/www.foab.se\/noctu\/#website\"},\"primaryImageOfPage\":{\"@id\":\"https:\/\/www.foab.se\/noctu\/index.php\/grafik\/#primaryimage\"},\"image\":{\"@id\":\"https:\/\/www.foab.se\/noctu\/index.php\/grafik\/#primaryimage\"},\"thumbnailUrl\":\"https:\/\/www.foab.se\/noctu\/wp-content\/uploads\/2024\/03\/Skarmavbild-2024-03-26-kl.-17.04.18-scaled-1.jpg\",\"datePublished\":\"2024-03-03T10:42:32+00:00\",\"dateModified\":\"2024-03-03T10:42:32+00:00\",\"breadcrumb\":{\"@id\":\"https:\/\/www.foab.se\/noctu\/index.php\/grafik\/#breadcrumb\"},\"inLanguage\":\"sv-SE\",\"potentialAction\":[{\"@type\":\"ReadAction\",\"target\":[\"https:\/\/www.foab.se\/noctu\/index.php\/grafik\/\"]}]},{\"@type\":\"ImageObject\",\"inLanguage\":\"sv-SE\",\"@id\":\"https:\/\/www.foab.se\/noctu\/index.php\/grafik\/#primaryimage\",\"url\":\"https:\/\/www.foab.se\/noctu\/wp-content\/uploads\/2024\/03\/Skarmavbild-2024-03-26-kl.-17.04.18-scaled-1.jpg\",\"contentUrl\":\"https:\/\/www.foab.se\/noctu\/wp-content\/uploads\/2024\/03\/Skarmavbild-2024-03-26-kl.-17.04.18-scaled-1.jpg\",\"width\":2560,\"height\":1491},{\"@type\":\"BreadcrumbList\",\"@id\":\"https:\/\/www.foab.se\/noctu\/index.php\/grafik\/#breadcrumb\",\"itemListElement\":[{\"@type\":\"ListItem\",\"position\":1,\"name\":\"Home\",\"item\":\"https:\/\/www.foab.se\/noctu\/\"},{\"@type\":\"ListItem\",\"position\":2,\"name\":\"Grafikmotor\"}]},{\"@type\":\"WebSite\",\"@id\":\"https:\/\/www.foab.se\/noctu\/#website\",\"url\":\"https:\/\/www.foab.se\/noctu\/\",\"name\":\"Noctu\",\"description\":\"\",\"publisher\":{\"@id\":\"https:\/\/www.foab.se\/noctu\/#organization\"},\"potentialAction\":[{\"@type\":\"SearchAction\",\"target\":{\"@type\":\"EntryPoint\",\"urlTemplate\":\"https:\/\/www.foab.se\/noctu\/?s={search_term_string}\"},\"query-input\":\"required name=search_term_string\"}],\"inLanguage\":\"sv-SE\"},{\"@type\":\"Organization\",\"@id\":\"https:\/\/www.foab.se\/noctu\/#organization\",\"name\":\"Noctu\",\"url\":\"https:\/\/www.foab.se\/noctu\/\",\"logo\":{\"@type\":\"ImageObject\",\"inLanguage\":\"sv-SE\",\"@id\":\"https:\/\/www.foab.se\/noctu\/#\/schema\/logo\/image\/\",\"url\":\"https:\/\/www.foab.se\/noctu\/wp-content\/uploads\/2024\/04\/image-1024x347-1-edited.png\",\"contentUrl\":\"https:\/\/www.foab.se\/noctu\/wp-content\/uploads\/2024\/04\/image-1024x347-1-edited.png\",\"width\":846,\"height\":287,\"caption\":\"Noctu\"},\"image\":{\"@id\":\"https:\/\/www.foab.se\/noctu\/#\/schema\/logo\/image\/\"}}]}<\/script>\n<!-- \/ Yoast SEO plugin. -->","yoast_head_json":{"title":"Grafikmotor - Noctu","robots":{"index":"index","follow":"follow","max-snippet":"max-snippet:-1","max-image-preview":"max-image-preview:large","max-video-preview":"max-video-preview:-1"},"canonical":"https:\/\/www.foab.se\/noctu\/index.php\/grafik\/","og_locale":"sv_SE","og_type":"article","og_title":"Grafikmotor - Noctu","og_description":"Upplevelsen att bl\u00e4ddra bland ritningar och att zooma och panorera \u00e4r viktig f\u00f6r helheten i systemet. Vi anv\u00e4nder oss av samma teknik som en del spel f\u00f6r att l\u00f6sa detta och resultatet blir en snabb, mjuk och anv\u00e4ndarv\u00e4nlig funktion. Noctus grafikmotor \u00e4r konstruerad med Open-GL och anv\u00e4nder sig av grafikortets processor utan att belasta datorn. [&hellip;]","og_url":"https:\/\/www.foab.se\/noctu\/index.php\/grafik\/","og_site_name":"Noctu","twitter_card":"summary_large_image","twitter_misc":{"Ber\u00e4knad l\u00e4stid":"1 minut"},"schema":{"@context":"https:\/\/schema.org","@graph":[{"@type":"WebPage","@id":"https:\/\/www.foab.se\/noctu\/index.php\/grafik\/","url":"https:\/\/www.foab.se\/noctu\/index.php\/grafik\/","name":"Grafikmotor - Noctu","isPartOf":{"@id":"https:\/\/www.foab.se\/noctu\/#website"},"primaryImageOfPage":{"@id":"https:\/\/www.foab.se\/noctu\/index.php\/grafik\/#primaryimage"},"image":{"@id":"https:\/\/www.foab.se\/noctu\/index.php\/grafik\/#primaryimage"},"thumbnailUrl":"https:\/\/www.foab.se\/noctu\/wp-content\/uploads\/2024\/03\/Skarmavbild-2024-03-26-kl.-17.04.18-scaled-1.jpg","datePublished":"2024-03-03T10:42:32+00:00","dateModified":"2024-03-03T10:42:32+00:00","breadcrumb":{"@id":"https:\/\/www.foab.se\/noctu\/index.php\/grafik\/#breadcrumb"},"inLanguage":"sv-SE","potentialAction":[{"@type":"ReadAction","target":["https:\/\/www.foab.se\/noctu\/index.php\/grafik\/"]}]},{"@type":"ImageObject","inLanguage":"sv-SE","@id":"https:\/\/www.foab.se\/noctu\/index.php\/grafik\/#primaryimage","url":"https:\/\/www.foab.se\/noctu\/wp-content\/uploads\/2024\/03\/Skarmavbild-2024-03-26-kl.-17.04.18-scaled-1.jpg","contentUrl":"https:\/\/www.foab.se\/noctu\/wp-content\/uploads\/2024\/03\/Skarmavbild-2024-03-26-kl.-17.04.18-scaled-1.jpg","width":2560,"height":1491},{"@type":"BreadcrumbList","@id":"https:\/\/www.foab.se\/noctu\/index.php\/grafik\/#breadcrumb","itemListElement":[{"@type":"ListItem","position":1,"name":"Home","item":"https:\/\/www.foab.se\/noctu\/"},{"@type":"ListItem","position":2,"name":"Grafikmotor"}]},{"@type":"WebSite","@id":"https:\/\/www.foab.se\/noctu\/#website","url":"https:\/\/www.foab.se\/noctu\/","name":"Noctu","description":"","publisher":{"@id":"https:\/\/www.foab.se\/noctu\/#organization"},"potentialAction":[{"@type":"SearchAction","target":{"@type":"EntryPoint","urlTemplate":"https:\/\/www.foab.se\/noctu\/?s={search_term_string}"},"query-input":"required name=search_term_string"}],"inLanguage":"sv-SE"},{"@type":"Organization","@id":"https:\/\/www.foab.se\/noctu\/#organization","name":"Noctu","url":"https:\/\/www.foab.se\/noctu\/","logo":{"@type":"ImageObject","inLanguage":"sv-SE","@id":"https:\/\/www.foab.se\/noctu\/#\/schema\/logo\/image\/","url":"https:\/\/www.foab.se\/noctu\/wp-content\/uploads\/2024\/04\/image-1024x347-1-edited.png","contentUrl":"https:\/\/www.foab.se\/noctu\/wp-content\/uploads\/2024\/04\/image-1024x347-1-edited.png","width":846,"height":287,"caption":"Noctu"},"image":{"@id":"https:\/\/www.foab.se\/noctu\/#\/schema\/logo\/image\/"}}]}},"_links":{"self":[{"href":"https:\/\/www.foab.se\/noctu\/index.php\/wp-json\/wp\/v2\/pages\/250"}],"collection":[{"href":"https:\/\/www.foab.se\/noctu\/index.php\/wp-json\/wp\/v2\/pages"}],"about":[{"href":"https:\/\/www.foab.se\/noctu\/index.php\/wp-json\/wp\/v2\/types\/page"}],"author":[{"embeddable":true,"href":"https:\/\/www.foab.se\/noctu\/index.php\/wp-json\/wp\/v2\/users\/2"}],"replies":[{"embeddable":true,"href":"https:\/\/www.foab.se\/noctu\/index.php\/wp-json\/wp\/v2\/comments?post=250"}],"version-history":[{"count":0,"href":"https:\/\/www.foab.se\/noctu\/index.php\/wp-json\/wp\/v2\/pages\/250\/revisions"}],"wp:featuredmedia":[{"embeddable":true,"href":"https:\/\/www.foab.se\/noctu\/index.php\/wp-json\/wp\/v2\/media\/621"}],"wp:attachment":[{"href":"https:\/\/www.foab.se\/noctu\/index.php\/wp-json\/wp\/v2\/media?parent=250"}],"curies":[{"name":"wp","href":"https:\/\/api.w.org\/{rel}","templated":true}]}}