{"id":260,"date":"2024-03-03T15:07:33","date_gmt":"2024-03-03T14:07:33","guid":{"rendered":"https:\/\/www.foab.se\/nynoctu\/?page_id=260"},"modified":"2024-03-03T15:07:33","modified_gmt":"2024-03-03T14:07:33","slug":"vyer","status":"publish","type":"page","link":"https:\/\/www.foab.se\/noctu\/index.php\/vyer\/","title":{"rendered":"Vyer"},"content":{"rendered":"\n<p><strong>Olika situationer kr\u00e4ver olika vyer &#8211; en f\u00f6r larm, en f\u00f6r logghantering, en f\u00f6r receptionen osv. Ett flexibelt system m\u00e5ste klara detta utan att anv\u00e4ndarna reflekterar \u00f6ver begr\u00e4nsningar.<\/strong><\/p>\n\n\n\n<p>Noctu kommer med ett flertal f\u00f6rinst\u00e4llda vyer som \u00e4r l\u00e4tta att v\u00e4xla mellan. De \u00e4r skapade f\u00f6r att passa f\u00f6r de flesta situationer i anl\u00e4ggningen samtidigt som det \u00e4r mycket enkelt att skapa egna vid behov.<\/p>\n\n\n\n<p><strong>Sk\u00e4rml\u00e4gen<\/strong><br>I Noctu har vi skapat sk\u00e4rml\u00e4gen f\u00f6r att det ska g\u00e5 att anpassa f\u00f6nster p\u00e5 b\u00e4sta s\u00e4tt efter de bildsk\u00e4rmar som anv\u00e4nds. Noctu kan k\u00f6ras i helsk\u00e4rmsl\u00e4ge eller med friflytande f\u00f6nster p\u00e5 valfria placeringar \u00f6ver skrivbordsytan, p\u00e5 en eller flera sk\u00e4rmar samtidigt.<\/p>\n\n\n\n<p><strong>Larmvy och standardvy<\/strong><br>Beroende av om det finns larm i systemet kan Noctu v\u00e4xla \u00f6ver till en larmvy. Exempelvis s\u00e5 kan en klient visa allm\u00e4n information om anl\u00e4ggningens status i en \u00f6vergripande vy, men s\u00e5 fort ett larm aktiveras s\u00e5 v\u00e4xlar Noctu \u00f6ver till en larmvy d\u00e4r ritningar och \u00e5tg\u00e4rdsinformation visas tydligt.<\/p>\n\n\n\n<figure data-wp-context=\"{ &quot;core&quot;:\n\t\t\t\t{ &quot;image&quot;:\n\t\t\t\t\t{   &quot;imageLoaded&quot;: false,\n\t\t\t\t\t\t&quot;initialized&quot;: false,\n\t\t\t\t\t\t&quot;lightboxEnabled&quot;: false,\n\t\t\t\t\t\t&quot;hideAnimationEnabled&quot;: false,\n\t\t\t\t\t\t&quot;preloadInitialized&quot;: false,\n\t\t\t\t\t\t&quot;lightboxAnimation&quot;: &quot;zoom&quot;,\n\t\t\t\t\t\t&quot;imageUploadedSrc&quot;: &quot;https:\/\/www.foab.se\/noctu\/wp-content\/uploads\/2024\/03\/Skarmavbild-2024-03-27-kl.-08.22.32.png&quot;,\n\t\t\t\t\t\t&quot;imageCurrentSrc&quot;: &quot;&quot;,\n\t\t\t\t\t\t&quot;targetWidth&quot;: &quot;2922&quot;,\n\t\t\t\t\t\t&quot;targetHeight&quot;: &quot;1680&quot;,\n\t\t\t\t\t\t&quot;scaleAttr&quot;: &quot;&quot;,\n\t\t\t\t\t\t&quot;dialogLabel&quot;: &quot;F\u00f6rstorad bild&quot;\n\t\t\t\t\t}\n\t\t\t\t}\n\t\t\t}\" data-wp-interactive class=\"wp-block-image size-large wp-lightbox-container\"><img loading=\"lazy\" decoding=\"async\" width=\"1024\" height=\"589\" data-wp-effect--setStylesOnResize=\"effects.core.image.setStylesOnResize\" data-wp-effect=\"effects.core.image.setButtonStyles\" data-wp-init=\"effects.core.image.initOriginImage\" data-wp-on--click=\"actions.core.image.showLightbox\" data-wp-on--load=\"actions.core.image.handleLoad\" src=\"https:\/\/www.foab.se\/noctu\/wp-content\/uploads\/2024\/03\/Skarmavbild-2024-03-27-kl.-08.22.32-1024x589.png\" alt=\"\" class=\"wp-image-634\" srcset=\"https:\/\/www.foab.se\/noctu\/wp-content\/uploads\/2024\/03\/Skarmavbild-2024-03-27-kl.-08.22.32-1024x589.png 1024w, https:\/\/www.foab.se\/noctu\/wp-content\/uploads\/2024\/03\/Skarmavbild-2024-03-27-kl.-08.22.32-300x172.png 300w, https:\/\/www.foab.se\/noctu\/wp-content\/uploads\/2024\/03\/Skarmavbild-2024-03-27-kl.-08.22.32-768x442.png 768w, https:\/\/www.foab.se\/noctu\/wp-content\/uploads\/2024\/03\/Skarmavbild-2024-03-27-kl.-08.22.32-1536x883.png 1536w, https:\/\/www.foab.se\/noctu\/wp-content\/uploads\/2024\/03\/Skarmavbild-2024-03-27-kl.-08.22.32-2048x1177.png 2048w\" sizes=\"(max-width: 1024px) 100vw, 1024px\" \/><button\n\t\t\tclass=\"lightbox-trigger\"\n\t\t\ttype=\"button\"\n\t\t\taria-haspopup=\"dialog\"\n\t\t\taria-label=\"F\u00f6rstora bild\"\n\t\t\tdata-wp-on--click=\"actions.core.image.showLightbox\"\n\t\t\tdata-wp-style--right=\"context.core.image.imageButtonRight\"\n\t\t\tdata-wp-style--top=\"context.core.image.imageButtonTop\"\n\t\t>\n\t\t\t<svg xmlns=\"http:\/\/www.w3.org\/2000\/svg\" width=\"12\" height=\"12\" fill=\"none\" viewBox=\"0 0 12 12\">\n\t\t\t\t<path fill=\"#fff\" d=\"M2 0a2 2 0 0 0-2 2v2h1.5V2a.5.5 0 0 1 .5-.5h2V0H2Zm2 10.5H2a.5.5 0 0 1-.5-.5V8H0v2a2 2 0 0 0 2 2h2v-1.5ZM8 12v-1.5h2a.5.5 0 0 0 .5-.5V8H12v2a2 2 0 0 1-2 2H8Zm2-12a2 2 0 0 1 2 2v2h-1.5V2a.5.5 0 0 0-.5-.5H8V0h2Z\" \/>\n\t\t\t<\/svg>\n\t\t<\/button>        <div data-wp-body=\"\" class=\"wp-lightbox-overlay zoom\"\n            data-wp-bind--role=\"selectors.core.image.roleAttribute\"\n            data-wp-bind--aria-label=\"selectors.core.image.dialogLabel\"\n            data-wp-class--initialized=\"context.core.image.initialized\"\n            data-wp-class--active=\"context.core.image.lightboxEnabled\"\n            data-wp-class--hideAnimationEnabled=\"context.core.image.hideAnimationEnabled\"\n            data-wp-bind--aria-modal=\"selectors.core.image.ariaModal\"\n            data-wp-effect=\"effects.core.image.initLightbox\"\n            data-wp-on--keydown=\"actions.core.image.handleKeydown\"\n            data-wp-on--touchstart=\"actions.core.image.handleTouchStart\"\n            data-wp-on--touchmove=\"actions.core.image.handleTouchMove\"\n            data-wp-on--touchend=\"actions.core.image.handleTouchEnd\"\n            data-wp-on--click=\"actions.core.image.hideLightbox\"\n            tabindex=\"-1\"\n            >\n                <button type=\"button\" aria-label=\"St\u00e4ng\" style=\"fill: var(--wp--preset--color--contrast)\" class=\"close-button\" data-wp-on--click=\"actions.core.image.hideLightbox\">\n                    <svg xmlns=\"http:\/\/www.w3.org\/2000\/svg\" viewBox=\"0 0 24 24\" width=\"20\" height=\"20\" aria-hidden=\"true\" focusable=\"false\"><path d=\"M13 11.8l6.1-6.3-1-1-6.1 6.2-6.1-6.2-1 1 6.1 6.3-6.5 6.7 1 1 6.5-6.6 6.5 6.6 1-1z\"><\/path><\/svg>\n                <\/button>\n                <div class=\"lightbox-image-container\">\n<figure class=\"wp-block-image size-large responsive-image\"><img decoding=\"async\" data-wp-bind--src=\"context.core.image.imageCurrentSrc\" data-wp-style--object-fit=\"selectors.core.image.lightboxObjectFit\" src=\"\" alt=\"\" class=\"wp-image-634\"\/><\/figure>\n<\/div>\n                <div class=\"lightbox-image-container\">\n<figure class=\"wp-block-image size-large enlarged-image\"><img decoding=\"async\" data-wp-bind--src=\"selectors.core.image.enlargedImgSrc\" data-wp-style--object-fit=\"selectors.core.image.lightboxObjectFit\" src=\"\" alt=\"\" class=\"wp-image-634\"\/><\/figure>\n<\/div>\n                <div class=\"scrim\" style=\"background-color: #ffffff\" aria-hidden=\"true\"><\/div>\n        <\/div><\/figure>\n\n\n\n<p><strong>Sk\u00e4rmsl\u00e4ckare<\/strong><br>Noctu har en inbyggd sk\u00e4rmsl\u00e4ckare som visar diskret statusinformation p\u00e5 en n\u00e4stan helt nedsl\u00e4ckt sk\u00e4rm. Vid ett larm t\u00e4nds sk\u00e4rmen upp och p\u00e5kallar anv\u00e4ndares uppm\u00e4rksamhet. <\/p>\n","protected":false},"excerpt":{"rendered":"<p>Olika situationer kr\u00e4ver olika vyer &#8211; en f\u00f6r larm, en f\u00f6r logghantering, en f\u00f6r receptionen osv. Ett flexibelt system m\u00e5ste klara detta utan att anv\u00e4ndarna reflekterar \u00f6ver begr\u00e4nsningar. Noctu kommer med ett flertal f\u00f6rinst\u00e4llda vyer som \u00e4r l\u00e4tta att v\u00e4xla mellan. De \u00e4r skapade f\u00f6r att passa f\u00f6r de flesta situationer i anl\u00e4ggningen samtidigt som [&hellip;]<\/p>\n","protected":false},"author":2,"featured_media":633,"parent":0,"menu_order":0,"comment_status":"closed","ping_status":"closed","template":"page-wide","meta":{"om_disable_all_campaigns":false,"_monsterinsights_skip_tracking":false,"_monsterinsights_sitenote_active":false,"_monsterinsights_sitenote_note":"","_monsterinsights_sitenote_category":0,"_uf_show_specific_survey":0,"_uf_disable_surveys":false,"footnotes":""},"aioseo_notices":[],"yoast_head":"<!-- This site is optimized with the Yoast SEO plugin v22.3 - https:\/\/yoast.com\/wordpress\/plugins\/seo\/ -->\n<title>Vyer - Noctu<\/title>\n<meta name=\"robots\" content=\"index, follow, max-snippet:-1, max-image-preview:large, max-video-preview:-1\" \/>\n<link rel=\"canonical\" href=\"https:\/\/www.foab.se\/noctu\/index.php\/vyer\/\" \/>\n<meta property=\"og:locale\" content=\"sv_SE\" \/>\n<meta property=\"og:type\" content=\"article\" \/>\n<meta property=\"og:title\" content=\"Vyer - Noctu\" \/>\n<meta property=\"og:description\" content=\"Olika situationer kr\u00e4ver olika vyer &#8211; en f\u00f6r larm, en f\u00f6r logghantering, en f\u00f6r receptionen osv. Ett flexibelt system m\u00e5ste klara detta utan att anv\u00e4ndarna reflekterar \u00f6ver begr\u00e4nsningar. Noctu kommer med ett flertal f\u00f6rinst\u00e4llda vyer som \u00e4r l\u00e4tta att v\u00e4xla mellan. De \u00e4r skapade f\u00f6r att passa f\u00f6r de flesta situationer i anl\u00e4ggningen samtidigt som [&hellip;]\" \/>\n<meta property=\"og:url\" content=\"https:\/\/www.foab.se\/noctu\/index.php\/vyer\/\" \/>\n<meta property=\"og:site_name\" content=\"Noctu\" \/>\n<meta property=\"og:image\" content=\"https:\/\/www.foab.se\/nynoctu\/wp-content\/uploads\/2024\/03\/Skarmavbild-2024-03-27-kl.-08.22.32-1024x589.png\" \/>\n<meta name=\"twitter:card\" content=\"summary_large_image\" \/>\n<meta name=\"twitter:label1\" content=\"Ber\u00e4knad l\u00e4stid\" \/>\n\t<meta name=\"twitter:data1\" content=\"1 minut\" \/>\n<script type=\"application\/ld+json\" class=\"yoast-schema-graph\">{\"@context\":\"https:\/\/schema.org\",\"@graph\":[{\"@type\":\"WebPage\",\"@id\":\"https:\/\/www.foab.se\/noctu\/index.php\/vyer\/\",\"url\":\"https:\/\/www.foab.se\/noctu\/index.php\/vyer\/\",\"name\":\"Vyer - Noctu\",\"isPartOf\":{\"@id\":\"https:\/\/www.foab.se\/noctu\/#website\"},\"primaryImageOfPage\":{\"@id\":\"https:\/\/www.foab.se\/noctu\/index.php\/vyer\/#primaryimage\"},\"image\":{\"@id\":\"https:\/\/www.foab.se\/noctu\/index.php\/vyer\/#primaryimage\"},\"thumbnailUrl\":\"https:\/\/www.foab.se\/noctu\/wp-content\/uploads\/2024\/03\/Skarmavbild-2024-03-27-kl.-08.08.12-scaled-1.jpg\",\"datePublished\":\"2024-03-03T14:07:33+00:00\",\"dateModified\":\"2024-03-03T14:07:33+00:00\",\"breadcrumb\":{\"@id\":\"https:\/\/www.foab.se\/noctu\/index.php\/vyer\/#breadcrumb\"},\"inLanguage\":\"sv-SE\",\"potentialAction\":[{\"@type\":\"ReadAction\",\"target\":[\"https:\/\/www.foab.se\/noctu\/index.php\/vyer\/\"]}]},{\"@type\":\"ImageObject\",\"inLanguage\":\"sv-SE\",\"@id\":\"https:\/\/www.foab.se\/noctu\/index.php\/vyer\/#primaryimage\",\"url\":\"https:\/\/www.foab.se\/noctu\/wp-content\/uploads\/2024\/03\/Skarmavbild-2024-03-27-kl.-08.08.12-scaled-1.jpg\",\"contentUrl\":\"https:\/\/www.foab.se\/noctu\/wp-content\/uploads\/2024\/03\/Skarmavbild-2024-03-27-kl.-08.08.12-scaled-1.jpg\",\"width\":2560,\"height\":1071},{\"@type\":\"BreadcrumbList\",\"@id\":\"https:\/\/www.foab.se\/noctu\/index.php\/vyer\/#breadcrumb\",\"itemListElement\":[{\"@type\":\"ListItem\",\"position\":1,\"name\":\"Home\",\"item\":\"https:\/\/www.foab.se\/noctu\/\"},{\"@type\":\"ListItem\",\"position\":2,\"name\":\"Vyer\"}]},{\"@type\":\"WebSite\",\"@id\":\"https:\/\/www.foab.se\/noctu\/#website\",\"url\":\"https:\/\/www.foab.se\/noctu\/\",\"name\":\"Noctu\",\"description\":\"\",\"publisher\":{\"@id\":\"https:\/\/www.foab.se\/noctu\/#organization\"},\"potentialAction\":[{\"@type\":\"SearchAction\",\"target\":{\"@type\":\"EntryPoint\",\"urlTemplate\":\"https:\/\/www.foab.se\/noctu\/?s={search_term_string}\"},\"query-input\":\"required name=search_term_string\"}],\"inLanguage\":\"sv-SE\"},{\"@type\":\"Organization\",\"@id\":\"https:\/\/www.foab.se\/noctu\/#organization\",\"name\":\"Noctu\",\"url\":\"https:\/\/www.foab.se\/noctu\/\",\"logo\":{\"@type\":\"ImageObject\",\"inLanguage\":\"sv-SE\",\"@id\":\"https:\/\/www.foab.se\/noctu\/#\/schema\/logo\/image\/\",\"url\":\"https:\/\/www.foab.se\/noctu\/wp-content\/uploads\/2024\/04\/image-1024x347-1-edited.png\",\"contentUrl\":\"https:\/\/www.foab.se\/noctu\/wp-content\/uploads\/2024\/04\/image-1024x347-1-edited.png\",\"width\":846,\"height\":287,\"caption\":\"Noctu\"},\"image\":{\"@id\":\"https:\/\/www.foab.se\/noctu\/#\/schema\/logo\/image\/\"}}]}<\/script>\n<!-- \/ Yoast SEO plugin. -->","yoast_head_json":{"title":"Vyer - Noctu","robots":{"index":"index","follow":"follow","max-snippet":"max-snippet:-1","max-image-preview":"max-image-preview:large","max-video-preview":"max-video-preview:-1"},"canonical":"https:\/\/www.foab.se\/noctu\/index.php\/vyer\/","og_locale":"sv_SE","og_type":"article","og_title":"Vyer - Noctu","og_description":"Olika situationer kr\u00e4ver olika vyer &#8211; en f\u00f6r larm, en f\u00f6r logghantering, en f\u00f6r receptionen osv. Ett flexibelt system m\u00e5ste klara detta utan att anv\u00e4ndarna reflekterar \u00f6ver begr\u00e4nsningar. Noctu kommer med ett flertal f\u00f6rinst\u00e4llda vyer som \u00e4r l\u00e4tta att v\u00e4xla mellan. De \u00e4r skapade f\u00f6r att passa f\u00f6r de flesta situationer i anl\u00e4ggningen samtidigt som [&hellip;]","og_url":"https:\/\/www.foab.se\/noctu\/index.php\/vyer\/","og_site_name":"Noctu","og_image":[{"url":"https:\/\/www.foab.se\/nynoctu\/wp-content\/uploads\/2024\/03\/Skarmavbild-2024-03-27-kl.-08.22.32-1024x589.png"}],"twitter_card":"summary_large_image","twitter_misc":{"Ber\u00e4knad l\u00e4stid":"1 minut"},"schema":{"@context":"https:\/\/schema.org","@graph":[{"@type":"WebPage","@id":"https:\/\/www.foab.se\/noctu\/index.php\/vyer\/","url":"https:\/\/www.foab.se\/noctu\/index.php\/vyer\/","name":"Vyer - Noctu","isPartOf":{"@id":"https:\/\/www.foab.se\/noctu\/#website"},"primaryImageOfPage":{"@id":"https:\/\/www.foab.se\/noctu\/index.php\/vyer\/#primaryimage"},"image":{"@id":"https:\/\/www.foab.se\/noctu\/index.php\/vyer\/#primaryimage"},"thumbnailUrl":"https:\/\/www.foab.se\/noctu\/wp-content\/uploads\/2024\/03\/Skarmavbild-2024-03-27-kl.-08.08.12-scaled-1.jpg","datePublished":"2024-03-03T14:07:33+00:00","dateModified":"2024-03-03T14:07:33+00:00","breadcrumb":{"@id":"https:\/\/www.foab.se\/noctu\/index.php\/vyer\/#breadcrumb"},"inLanguage":"sv-SE","potentialAction":[{"@type":"ReadAction","target":["https:\/\/www.foab.se\/noctu\/index.php\/vyer\/"]}]},{"@type":"ImageObject","inLanguage":"sv-SE","@id":"https:\/\/www.foab.se\/noctu\/index.php\/vyer\/#primaryimage","url":"https:\/\/www.foab.se\/noctu\/wp-content\/uploads\/2024\/03\/Skarmavbild-2024-03-27-kl.-08.08.12-scaled-1.jpg","contentUrl":"https:\/\/www.foab.se\/noctu\/wp-content\/uploads\/2024\/03\/Skarmavbild-2024-03-27-kl.-08.08.12-scaled-1.jpg","width":2560,"height":1071},{"@type":"BreadcrumbList","@id":"https:\/\/www.foab.se\/noctu\/index.php\/vyer\/#breadcrumb","itemListElement":[{"@type":"ListItem","position":1,"name":"Home","item":"https:\/\/www.foab.se\/noctu\/"},{"@type":"ListItem","position":2,"name":"Vyer"}]},{"@type":"WebSite","@id":"https:\/\/www.foab.se\/noctu\/#website","url":"https:\/\/www.foab.se\/noctu\/","name":"Noctu","description":"","publisher":{"@id":"https:\/\/www.foab.se\/noctu\/#organization"},"potentialAction":[{"@type":"SearchAction","target":{"@type":"EntryPoint","urlTemplate":"https:\/\/www.foab.se\/noctu\/?s={search_term_string}"},"query-input":"required name=search_term_string"}],"inLanguage":"sv-SE"},{"@type":"Organization","@id":"https:\/\/www.foab.se\/noctu\/#organization","name":"Noctu","url":"https:\/\/www.foab.se\/noctu\/","logo":{"@type":"ImageObject","inLanguage":"sv-SE","@id":"https:\/\/www.foab.se\/noctu\/#\/schema\/logo\/image\/","url":"https:\/\/www.foab.se\/noctu\/wp-content\/uploads\/2024\/04\/image-1024x347-1-edited.png","contentUrl":"https:\/\/www.foab.se\/noctu\/wp-content\/uploads\/2024\/04\/image-1024x347-1-edited.png","width":846,"height":287,"caption":"Noctu"},"image":{"@id":"https:\/\/www.foab.se\/noctu\/#\/schema\/logo\/image\/"}}]}},"_links":{"self":[{"href":"https:\/\/www.foab.se\/noctu\/index.php\/wp-json\/wp\/v2\/pages\/260"}],"collection":[{"href":"https:\/\/www.foab.se\/noctu\/index.php\/wp-json\/wp\/v2\/pages"}],"about":[{"href":"https:\/\/www.foab.se\/noctu\/index.php\/wp-json\/wp\/v2\/types\/page"}],"author":[{"embeddable":true,"href":"https:\/\/www.foab.se\/noctu\/index.php\/wp-json\/wp\/v2\/users\/2"}],"replies":[{"embeddable":true,"href":"https:\/\/www.foab.se\/noctu\/index.php\/wp-json\/wp\/v2\/comments?post=260"}],"version-history":[{"count":0,"href":"https:\/\/www.foab.se\/noctu\/index.php\/wp-json\/wp\/v2\/pages\/260\/revisions"}],"wp:featuredmedia":[{"embeddable":true,"href":"https:\/\/www.foab.se\/noctu\/index.php\/wp-json\/wp\/v2\/media\/633"}],"wp:attachment":[{"href":"https:\/\/www.foab.se\/noctu\/index.php\/wp-json\/wp\/v2\/media?parent=260"}],"curies":[{"name":"wp","href":"https:\/\/api.w.org\/{rel}","templated":true}]}}