{"id":29,"date":"2024-02-03T22:36:30","date_gmt":"2024-02-03T21:36:30","guid":{"rendered":"https:\/\/www.foab.se\/nynoctu\/?page_id=29"},"modified":"2024-10-17T15:54:50","modified_gmt":"2024-10-17T13:54:50","slug":"produktblad","status":"publish","type":"page","link":"https:\/\/www.foab.se\/noctu\/index.php\/produktblad\/","title":{"rendered":"Produktblad"},"content":{"rendered":"\n<p class=\"has-text-align-center\">V\u00e5ra produktblad \u00e4r fria att spridas vidare i sin helhet. Bilder och logotyper f\u00e5r endast anv\u00e4ndas med v\u00e5rt skriftliga godk\u00e4nnande.<\/p>\n\n\n\n<div style=\"height:50px\" aria-hidden=\"true\" class=\"wp-block-spacer\"><\/div>\n\n\n\n<div class=\"wp-block-group alignfull has-accent-5-background-color has-background has-global-padding is-layout-constrained wp-block-group-is-layout-constrained\" style=\"margin-top:0;margin-bottom:0;padding-top:var(--wp--preset--spacing--50);padding-right:var(--wp--preset--spacing--50);padding-bottom:var(--wp--preset--spacing--50);padding-left:var(--wp--preset--spacing--50)\">\n<div class=\"wp-block-group alignwide is-layout-flow wp-container-core-group-layout-1 wp-block-group-is-layout-flow\">\n<div class=\"wp-block-columns is-layout-flex wp-container-core-columns-layout-1 wp-block-columns-is-layout-flex\">\n<div class=\"wp-block-column is-layout-flow wp-block-column-is-layout-flow\">\n<p class=\"has-text-align-left\"> <\/p>\n\n\n\n<p class=\"has-text-align-left\"><\/p>\n<\/div>\n\n\n\n<div class=\"wp-block-column is-vertically-aligned-bottom is-layout-flow wp-block-column-is-layout-flow\"><\/div>\n<\/div>\n\n\n\n<hr class=\"wp-block-separator alignwide has-alpha-channel-opacity is-style-wide\"\/>\n\n\n\n<figure class=\"wp-block-table is-style-regular has-small-font-size\"><table style=\"border-style:none;border-width:0px\"><tbody><tr><td>Namn<\/td><td>Beskrivning<\/td><td>Storlek<\/td><\/tr><tr><td><a href=\"https:\/\/www.foab.se\/noctu\/wp-content\/uploads\/2024\/10\/Noctu-R3-Produktblad-2024.pdf\" data-type=\"link\" data-id=\"https:\/\/www.foab.se\/noctu\/wp-content\/uploads\/2024\/04\/Noctu-R3-Produktblad-2022-v01.pdf\" target=\"_blank\" rel=\"noreferrer noopener\">Noctu R3 Produktblad 2024<\/a><\/td><td>Dubbelsidigt produktblad i PDF<\/td><td>2.6 MB<\/td><\/tr><tr><td><a href=\"https:\/\/www.foab.se\/noctu\/wp-content\/uploads\/2024\/04\/Noctu-R3-Fastighetsovervakning-2023.pdf\" data-type=\"link\" data-id=\"https:\/\/www.foab.se\/noctu\/wp-content\/uploads\/2024\/04\/Noctu-R3-Fastighetsovervakning-2023.pdf\" target=\"_blank\" rel=\"noreferrer noopener\">Noctu R3 Fastighets\u00f6vervakning 2023<\/a><\/td><td>Bildspel i PDF<\/td><td>6.3 MB<\/td><\/tr><\/tbody><\/table><\/figure>\n<\/div>\n\n\n\n<div style=\"height:50px\" aria-hidden=\"true\" class=\"wp-block-spacer\"><\/div>\n<\/div>\n","protected":false},"excerpt":{"rendered":"<p>V\u00e5ra produktblad \u00e4r fria att spridas vidare i sin helhet. Bilder och logotyper f\u00e5r endast anv\u00e4ndas med v\u00e5rt skriftliga godk\u00e4nnande. Namn Beskrivning Storlek Noctu R3 Produktblad 2024 Dubbelsidigt produktblad i PDF 2.6 MB Noctu R3 Fastighets\u00f6vervakning 2023 Bildspel i PDF 6.3 MB<\/p>\n","protected":false},"author":2,"featured_media":0,"parent":0,"menu_order":0,"comment_status":"closed","ping_status":"closed","template":"","meta":{"om_disable_all_campaigns":false,"_monsterinsights_skip_tracking":false,"_monsterinsights_sitenote_active":false,"_monsterinsights_sitenote_note":"","_monsterinsights_sitenote_category":0,"_uf_show_specific_survey":0,"_uf_disable_surveys":false,"footnotes":""},"aioseo_notices":[],"yoast_head":"<!-- This site is optimized with the Yoast SEO plugin v22.3 - https:\/\/yoast.com\/wordpress\/plugins\/seo\/ -->\n<title>Produktblad - Noctu<\/title>\n<meta name=\"robots\" content=\"index, follow, max-snippet:-1, max-image-preview:large, max-video-preview:-1\" \/>\n<link rel=\"canonical\" href=\"https:\/\/www.foab.se\/noctu\/index.php\/produktblad\/\" \/>\n<meta property=\"og:locale\" content=\"sv_SE\" \/>\n<meta property=\"og:type\" content=\"article\" \/>\n<meta property=\"og:title\" content=\"Produktblad - Noctu\" \/>\n<meta property=\"og:description\" content=\"V\u00e5ra produktblad \u00e4r fria att spridas vidare i sin helhet. Bilder och logotyper f\u00e5r endast anv\u00e4ndas med v\u00e5rt skriftliga godk\u00e4nnande. Namn Beskrivning Storlek Noctu R3 Produktblad 2024 Dubbelsidigt produktblad i PDF 2.6 MB Noctu R3 Fastighets\u00f6vervakning 2023 Bildspel i PDF 6.3 MB\" \/>\n<meta property=\"og:url\" content=\"https:\/\/www.foab.se\/noctu\/index.php\/produktblad\/\" \/>\n<meta property=\"og:site_name\" content=\"Noctu\" \/>\n<meta property=\"article:modified_time\" content=\"2024-10-17T13:54:50+00:00\" \/>\n<meta name=\"twitter:card\" content=\"summary_large_image\" \/>\n<script type=\"application\/ld+json\" class=\"yoast-schema-graph\">{\"@context\":\"https:\/\/schema.org\",\"@graph\":[{\"@type\":\"WebPage\",\"@id\":\"https:\/\/www.foab.se\/noctu\/index.php\/produktblad\/\",\"url\":\"https:\/\/www.foab.se\/noctu\/index.php\/produktblad\/\",\"name\":\"Produktblad - Noctu\",\"isPartOf\":{\"@id\":\"https:\/\/www.foab.se\/noctu\/#website\"},\"datePublished\":\"2024-02-03T21:36:30+00:00\",\"dateModified\":\"2024-10-17T13:54:50+00:00\",\"breadcrumb\":{\"@id\":\"https:\/\/www.foab.se\/noctu\/index.php\/produktblad\/#breadcrumb\"},\"inLanguage\":\"sv-SE\",\"potentialAction\":[{\"@type\":\"ReadAction\",\"target\":[\"https:\/\/www.foab.se\/noctu\/index.php\/produktblad\/\"]}]},{\"@type\":\"BreadcrumbList\",\"@id\":\"https:\/\/www.foab.se\/noctu\/index.php\/produktblad\/#breadcrumb\",\"itemListElement\":[{\"@type\":\"ListItem\",\"position\":1,\"name\":\"Home\",\"item\":\"https:\/\/www.foab.se\/noctu\/\"},{\"@type\":\"ListItem\",\"position\":2,\"name\":\"Produktblad\"}]},{\"@type\":\"WebSite\",\"@id\":\"https:\/\/www.foab.se\/noctu\/#website\",\"url\":\"https:\/\/www.foab.se\/noctu\/\",\"name\":\"Noctu\",\"description\":\"\",\"publisher\":{\"@id\":\"https:\/\/www.foab.se\/noctu\/#organization\"},\"potentialAction\":[{\"@type\":\"SearchAction\",\"target\":{\"@type\":\"EntryPoint\",\"urlTemplate\":\"https:\/\/www.foab.se\/noctu\/?s={search_term_string}\"},\"query-input\":\"required name=search_term_string\"}],\"inLanguage\":\"sv-SE\"},{\"@type\":\"Organization\",\"@id\":\"https:\/\/www.foab.se\/noctu\/#organization\",\"name\":\"Noctu\",\"url\":\"https:\/\/www.foab.se\/noctu\/\",\"logo\":{\"@type\":\"ImageObject\",\"inLanguage\":\"sv-SE\",\"@id\":\"https:\/\/www.foab.se\/noctu\/#\/schema\/logo\/image\/\",\"url\":\"https:\/\/www.foab.se\/noctu\/wp-content\/uploads\/2024\/04\/image-1024x347-1-edited.png\",\"contentUrl\":\"https:\/\/www.foab.se\/noctu\/wp-content\/uploads\/2024\/04\/image-1024x347-1-edited.png\",\"width\":846,\"height\":287,\"caption\":\"Noctu\"},\"image\":{\"@id\":\"https:\/\/www.foab.se\/noctu\/#\/schema\/logo\/image\/\"}}]}<\/script>\n<!-- \/ Yoast SEO plugin. -->","yoast_head_json":{"title":"Produktblad - Noctu","robots":{"index":"index","follow":"follow","max-snippet":"max-snippet:-1","max-image-preview":"max-image-preview:large","max-video-preview":"max-video-preview:-1"},"canonical":"https:\/\/www.foab.se\/noctu\/index.php\/produktblad\/","og_locale":"sv_SE","og_type":"article","og_title":"Produktblad - Noctu","og_description":"V\u00e5ra produktblad \u00e4r fria att spridas vidare i sin helhet. Bilder och logotyper f\u00e5r endast anv\u00e4ndas med v\u00e5rt skriftliga godk\u00e4nnande. Namn Beskrivning Storlek Noctu R3 Produktblad 2024 Dubbelsidigt produktblad i PDF 2.6 MB Noctu R3 Fastighets\u00f6vervakning 2023 Bildspel i PDF 6.3 MB","og_url":"https:\/\/www.foab.se\/noctu\/index.php\/produktblad\/","og_site_name":"Noctu","article_modified_time":"2024-10-17T13:54:50+00:00","twitter_card":"summary_large_image","schema":{"@context":"https:\/\/schema.org","@graph":[{"@type":"WebPage","@id":"https:\/\/www.foab.se\/noctu\/index.php\/produktblad\/","url":"https:\/\/www.foab.se\/noctu\/index.php\/produktblad\/","name":"Produktblad - Noctu","isPartOf":{"@id":"https:\/\/www.foab.se\/noctu\/#website"},"datePublished":"2024-02-03T21:36:30+00:00","dateModified":"2024-10-17T13:54:50+00:00","breadcrumb":{"@id":"https:\/\/www.foab.se\/noctu\/index.php\/produktblad\/#breadcrumb"},"inLanguage":"sv-SE","potentialAction":[{"@type":"ReadAction","target":["https:\/\/www.foab.se\/noctu\/index.php\/produktblad\/"]}]},{"@type":"BreadcrumbList","@id":"https:\/\/www.foab.se\/noctu\/index.php\/produktblad\/#breadcrumb","itemListElement":[{"@type":"ListItem","position":1,"name":"Home","item":"https:\/\/www.foab.se\/noctu\/"},{"@type":"ListItem","position":2,"name":"Produktblad"}]},{"@type":"WebSite","@id":"https:\/\/www.foab.se\/noctu\/#website","url":"https:\/\/www.foab.se\/noctu\/","name":"Noctu","description":"","publisher":{"@id":"https:\/\/www.foab.se\/noctu\/#organization"},"potentialAction":[{"@type":"SearchAction","target":{"@type":"EntryPoint","urlTemplate":"https:\/\/www.foab.se\/noctu\/?s={search_term_string}"},"query-input":"required name=search_term_string"}],"inLanguage":"sv-SE"},{"@type":"Organization","@id":"https:\/\/www.foab.se\/noctu\/#organization","name":"Noctu","url":"https:\/\/www.foab.se\/noctu\/","logo":{"@type":"ImageObject","inLanguage":"sv-SE","@id":"https:\/\/www.foab.se\/noctu\/#\/schema\/logo\/image\/","url":"https:\/\/www.foab.se\/noctu\/wp-content\/uploads\/2024\/04\/image-1024x347-1-edited.png","contentUrl":"https:\/\/www.foab.se\/noctu\/wp-content\/uploads\/2024\/04\/image-1024x347-1-edited.png","width":846,"height":287,"caption":"Noctu"},"image":{"@id":"https:\/\/www.foab.se\/noctu\/#\/schema\/logo\/image\/"}}]}},"_links":{"self":[{"href":"https:\/\/www.foab.se\/noctu\/index.php\/wp-json\/wp\/v2\/pages\/29"}],"collection":[{"href":"https:\/\/www.foab.se\/noctu\/index.php\/wp-json\/wp\/v2\/pages"}],"about":[{"href":"https:\/\/www.foab.se\/noctu\/index.php\/wp-json\/wp\/v2\/types\/page"}],"author":[{"embeddable":true,"href":"https:\/\/www.foab.se\/noctu\/index.php\/wp-json\/wp\/v2\/users\/2"}],"replies":[{"embeddable":true,"href":"https:\/\/www.foab.se\/noctu\/index.php\/wp-json\/wp\/v2\/comments?post=29"}],"version-history":[{"count":5,"href":"https:\/\/www.foab.se\/noctu\/index.php\/wp-json\/wp\/v2\/pages\/29\/revisions"}],"predecessor-version":[{"id":934,"href":"https:\/\/www.foab.se\/noctu\/index.php\/wp-json\/wp\/v2\/pages\/29\/revisions\/934"}],"wp:attachment":[{"href":"https:\/\/www.foab.se\/noctu\/index.php\/wp-json\/wp\/v2\/media?parent=29"}],"curies":[{"name":"wp","href":"https:\/\/api.w.org\/{rel}","templated":true}]}}