{"id":319,"date":"2024-03-06T09:36:32","date_gmt":"2024-03-06T08:36:32","guid":{"rendered":"https:\/\/www.foab.se\/nynoctu\/?page_id=319"},"modified":"2024-04-03T14:35:59","modified_gmt":"2024-04-03T12:35:59","slug":"licensmodell","status":"publish","type":"page","link":"https:\/\/www.foab.se\/noctu\/index.php\/licensmodell\/","title":{"rendered":"Licensmodell"},"content":{"rendered":"\n<p class=\"has-text-align-center\">Att investera i Noctu och f\u00e5 klarhet i vad som beh\u00f6vs och vad det kostar ser vi som en sj\u00e4lvklarhet. Vi f\u00f6rs\u00f6ker vara s\u00e5 transparenta som m\u00f6jligt mot v\u00e5ra kunder, b\u00e5de installat\u00f6rer och slutkunder. <\/p>\n\n\n\n<p class=\"has-text-align-center\">F\u00f6r att anv\u00e4nda Noctu betalar man f\u00f6r det som anv\u00e4nds, utan \u00f6verpriser.<\/p>\n\n\n\n<div style=\"height:50px\" aria-hidden=\"true\" class=\"wp-block-spacer\"><\/div>\n\n\n\n<hr class=\"wp-block-separator alignwide has-text-color has-base-2-color has-alpha-channel-opacity has-base-2-background-color has-background is-style-wide\" style=\"margin-top:0;margin-bottom:0\"\/>\n\n\n\n<div class=\"wp-block-group alignfull has-accent-5-background-color has-background has-global-padding is-layout-constrained wp-block-group-is-layout-constrained\" style=\"margin-top:0;margin-bottom:0;padding-top:var(--wp--preset--spacing--50);padding-right:var(--wp--preset--spacing--50);padding-bottom:var(--wp--preset--spacing--50);padding-left:var(--wp--preset--spacing--50)\">\n<div class=\"wp-block-group alignwide has-global-padding is-layout-constrained wp-container-core-group-layout-1 wp-block-group-is-layout-constrained\">\n<div class=\"wp-block-columns alignwide is-layout-flex wp-container-core-columns-layout-1 wp-block-columns-is-layout-flex\">\n<div class=\"wp-block-column is-layout-flow wp-block-column-is-layout-flow\" style=\"flex-basis:50%\">\n<figure class=\"wp-block-image size-large is-style-rounded\"><img loading=\"lazy\" decoding=\"async\" width=\"1024\" height=\"683\" src=\"https:\/\/www.foab.se\/noctu\/wp-content\/uploads\/2024\/04\/shutterstock_2261508025-1024x683.jpg\" alt=\"\" class=\"wp-image-866\" srcset=\"https:\/\/www.foab.se\/noctu\/wp-content\/uploads\/2024\/04\/shutterstock_2261508025-1024x683.jpg 1024w, https:\/\/www.foab.se\/noctu\/wp-content\/uploads\/2024\/04\/shutterstock_2261508025-300x200.jpg 300w, https:\/\/www.foab.se\/noctu\/wp-content\/uploads\/2024\/04\/shutterstock_2261508025-768x512.jpg 768w, https:\/\/www.foab.se\/noctu\/wp-content\/uploads\/2024\/04\/shutterstock_2261508025-1536x1024.jpg 1536w, https:\/\/www.foab.se\/noctu\/wp-content\/uploads\/2024\/04\/shutterstock_2261508025-2048x1365.jpg 2048w\" sizes=\"(max-width: 1024px) 100vw, 1024px\" \/><\/figure>\n<\/div>\n\n\n\n<div class=\"wp-block-column is-vertically-aligned-center is-layout-flow wp-block-column-is-layout-flow\" style=\"flex-basis:40%\">\n<h3 class=\"wp-block-heading is-style-default has-body-font-family\"><strong>Tre systemniv\u00e5er<\/strong><\/h3>\n\n\n\n<p>Noctu finns i tre niv\u00e5er &#8211; Standard, Professional och Enterprise. Det \u00e4r samma programvara men licensen styr hur stor anl\u00e4ggningen \u00e4r, funktioner samt antal system och Noctuklienter som kan anslutas.<\/p>\n<\/div>\n<\/div>\n<\/div>\n<\/div>\n\n\n\n<hr class=\"wp-block-separator alignwide has-text-color has-base-2-color has-alpha-channel-opacity has-base-2-background-color has-background is-style-wide\" style=\"margin-top:0;margin-bottom:0\"\/>\n\n\n\n<div class=\"wp-block-group alignfull has-background has-global-padding is-layout-constrained wp-block-group-is-layout-constrained\" style=\"background-color:#ffffff;margin-top:0;margin-bottom:0;padding-top:var(--wp--preset--spacing--50);padding-right:var(--wp--preset--spacing--50);padding-bottom:var(--wp--preset--spacing--50);padding-left:var(--wp--preset--spacing--50)\">\n<div class=\"wp-block-group alignwide has-global-padding is-layout-constrained wp-container-core-group-layout-3 wp-block-group-is-layout-constrained\">\n<div class=\"wp-block-columns alignwide is-layout-flex wp-container-core-columns-layout-2 wp-block-columns-is-layout-flex\">\n<div class=\"wp-block-column is-vertically-aligned-center is-layout-flow wp-block-column-is-layout-flow\" style=\"flex-basis:40%\">\n<h3 class=\"wp-block-heading is-style-default has-body-font-family\"><strong>System och detektorer <\/strong><\/h3>\n\n\n\n<p>Noctu licensieras efter vilka system som ansluts och antal detektorer. Galaxy inbrottslarm kr\u00e4ver t.ex. en centrallicens och ett s\u00e5 kallat symbolpack som till\u00e5ter ett visst antal anslutna sektioner fr\u00e5n inbrottslarmet.<\/p>\n<\/div>\n\n\n\n<div class=\"wp-block-column is-layout-flow wp-block-column-is-layout-flow\" style=\"flex-basis:50%\">\n<figure class=\"wp-block-image size-large is-style-rounded\"><img loading=\"lazy\" decoding=\"async\" width=\"1024\" height=\"683\" src=\"https:\/\/www.foab.se\/noctu\/wp-content\/uploads\/2024\/04\/shutterstock_699587035-scaled-1-1024x683.jpg\" alt=\"\" class=\"wp-image-692\" srcset=\"https:\/\/www.foab.se\/noctu\/wp-content\/uploads\/2024\/04\/shutterstock_699587035-scaled-1-1024x683.jpg 1024w, https:\/\/www.foab.se\/noctu\/wp-content\/uploads\/2024\/04\/shutterstock_699587035-scaled-1-300x200.jpg 300w, https:\/\/www.foab.se\/noctu\/wp-content\/uploads\/2024\/04\/shutterstock_699587035-scaled-1-768x512.jpg 768w, https:\/\/www.foab.se\/noctu\/wp-content\/uploads\/2024\/04\/shutterstock_699587035-scaled-1-1536x1024.jpg 1536w, https:\/\/www.foab.se\/noctu\/wp-content\/uploads\/2024\/04\/shutterstock_699587035-scaled-1-2048x1366.jpg 2048w\" sizes=\"(max-width: 1024px) 100vw, 1024px\" \/><\/figure>\n<\/div>\n<\/div>\n<\/div>\n<\/div>\n\n\n\n<hr class=\"wp-block-separator alignwide has-text-color has-base-2-color has-alpha-channel-opacity has-base-2-background-color has-background is-style-wide\" style=\"margin-top:0;margin-bottom:0\"\/>\n\n\n\n<div class=\"wp-block-group alignfull has-accent-5-background-color has-background has-global-padding is-layout-constrained wp-block-group-is-layout-constrained\" style=\"margin-top:0;margin-bottom:0;padding-top:var(--wp--preset--spacing--50);padding-right:var(--wp--preset--spacing--50);padding-bottom:var(--wp--preset--spacing--50);padding-left:var(--wp--preset--spacing--50)\">\n<div class=\"wp-block-group alignwide has-global-padding is-layout-constrained wp-container-core-group-layout-5 wp-block-group-is-layout-constrained\">\n<div class=\"wp-block-columns alignwide is-layout-flex wp-container-core-columns-layout-3 wp-block-columns-is-layout-flex\">\n<div class=\"wp-block-column is-layout-flow wp-block-column-is-layout-flow\" style=\"flex-basis:50%\">\n<figure class=\"wp-block-image size-large is-style-rounded\"><img loading=\"lazy\" decoding=\"async\" width=\"1024\" height=\"683\" src=\"https:\/\/www.foab.se\/noctu\/wp-content\/uploads\/2024\/04\/shutterstock_587552792-1024x683.jpg\" alt=\"\" class=\"wp-image-867\" srcset=\"https:\/\/www.foab.se\/noctu\/wp-content\/uploads\/2024\/04\/shutterstock_587552792-1024x683.jpg 1024w, https:\/\/www.foab.se\/noctu\/wp-content\/uploads\/2024\/04\/shutterstock_587552792-300x200.jpg 300w, https:\/\/www.foab.se\/noctu\/wp-content\/uploads\/2024\/04\/shutterstock_587552792-768x512.jpg 768w, https:\/\/www.foab.se\/noctu\/wp-content\/uploads\/2024\/04\/shutterstock_587552792-1536x1024.jpg 1536w, https:\/\/www.foab.se\/noctu\/wp-content\/uploads\/2024\/04\/shutterstock_587552792-2048x1365.jpg 2048w\" sizes=\"(max-width: 1024px) 100vw, 1024px\" \/><\/figure>\n<\/div>\n\n\n\n<div class=\"wp-block-column is-vertically-aligned-center is-layout-flow wp-block-column-is-layout-flow\" style=\"flex-basis:40%\">\n<h3 class=\"wp-block-heading is-style-default has-body-font-family\"><strong>Enkelt att f\u00f6r\u00e4ndra<\/strong><\/h3>\n\n\n\n<p>Licensnyckeln till Noctu inneh\u00e5ller alla licenser och byts enkelt ut vid f\u00f6r\u00e4ndringar av system och funktioner. Ingen ominstallation beh\u00f6vs och uppdateringen kan genomf\u00f6ras p\u00e5 n\u00e5gon minut. I Noctuservern presenteras en tydlig \u00f6versikt f\u00f6r vilka licenser som \u00e4r aktiverade.  <\/p>\n<\/div>\n<\/div>\n<\/div>\n<\/div>\n\n\n\n<hr class=\"wp-block-separator alignwide has-text-color has-base-2-color has-alpha-channel-opacity has-base-2-background-color has-background is-style-wide\" style=\"margin-top:0;margin-bottom:0\"\/>\n\n\n\n<div class=\"wp-block-group alignfull has-background has-global-padding is-layout-constrained wp-block-group-is-layout-constrained\" style=\"background-color:#ffffff;margin-top:0;margin-bottom:0;padding-top:var(--wp--preset--spacing--50);padding-right:var(--wp--preset--spacing--50);padding-bottom:var(--wp--preset--spacing--50);padding-left:var(--wp--preset--spacing--50)\">\n<div class=\"wp-block-group alignwide has-global-padding is-layout-constrained wp-container-core-group-layout-7 wp-block-group-is-layout-constrained\">\n<div class=\"wp-block-columns alignwide is-layout-flex wp-container-core-columns-layout-4 wp-block-columns-is-layout-flex\">\n<div class=\"wp-block-column is-vertically-aligned-center is-layout-flow wp-block-column-is-layout-flow\" style=\"flex-basis:40%\">\n<h3 class=\"wp-block-heading is-style-default has-body-font-family\"><strong>Licens- och uppgraderingsavtal  <\/strong><\/h3>\n\n\n\n<p>Licenserna till Noctu s\u00e4ljs styckvis och finns tydligt uppradade i v\u00e5r prislista. Vid st\u00f6rre projekt erbjuder vi sj\u00e4lvklart offert.<br><br>Med Noctu medf\u00f6ljer ett avtal d\u00e4r support och fri nedladdning av uppdateringar ing\u00e5r. Kostnaden f\u00f6r detta obligatoriska avtal uppg\u00e5r till ca 15% av de ink\u00f6pta licensernas sammanlagda v\u00e4rde.<\/p>\n<\/div>\n\n\n\n<div class=\"wp-block-column is-layout-flow wp-block-column-is-layout-flow\" style=\"flex-basis:50%\">\n<figure class=\"wp-block-image size-large is-style-rounded\"><img loading=\"lazy\" decoding=\"async\" width=\"1024\" height=\"448\" src=\"https:\/\/www.foab.se\/noctu\/wp-content\/uploads\/2024\/04\/shutterstock_2135629203-scaled-1-1024x448.jpg\" alt=\"\" class=\"wp-image-697\" srcset=\"https:\/\/www.foab.se\/noctu\/wp-content\/uploads\/2024\/04\/shutterstock_2135629203-scaled-1-1024x448.jpg 1024w, https:\/\/www.foab.se\/noctu\/wp-content\/uploads\/2024\/04\/shutterstock_2135629203-scaled-1-300x131.jpg 300w, https:\/\/www.foab.se\/noctu\/wp-content\/uploads\/2024\/04\/shutterstock_2135629203-scaled-1-768x336.jpg 768w, https:\/\/www.foab.se\/noctu\/wp-content\/uploads\/2024\/04\/shutterstock_2135629203-scaled-1-1536x671.jpg 1536w, https:\/\/www.foab.se\/noctu\/wp-content\/uploads\/2024\/04\/shutterstock_2135629203-scaled-1-2048x895.jpg 2048w\" sizes=\"(max-width: 1024px) 100vw, 1024px\" \/><\/figure>\n<\/div>\n<\/div>\n<\/div>\n<\/div>\n\n\n\n<hr class=\"wp-block-separator alignwide has-text-color has-base-2-color has-alpha-channel-opacity has-base-2-background-color has-background is-style-wide\" style=\"margin-top:0;margin-bottom:0\"\/>\n\n\n\n<div class=\"wp-block-group alignfull has-accent-5-background-color has-background has-global-padding is-layout-constrained wp-block-group-is-layout-constrained\" style=\"margin-top:0;margin-bottom:0;padding-top:var(--wp--preset--spacing--50);padding-right:var(--wp--preset--spacing--50);padding-bottom:var(--wp--preset--spacing--50);padding-left:var(--wp--preset--spacing--50)\">\n<div class=\"wp-block-group alignwide has-global-padding is-layout-constrained wp-container-core-group-layout-9 wp-block-group-is-layout-constrained\">\n<div class=\"wp-block-columns alignwide is-layout-flex wp-container-core-columns-layout-5 wp-block-columns-is-layout-flex\">\n<div class=\"wp-block-column is-layout-flow wp-block-column-is-layout-flow\" style=\"flex-basis:50%\">\n<figure class=\"wp-block-image size-large is-style-rounded\"><img loading=\"lazy\" decoding=\"async\" width=\"1024\" height=\"421\" src=\"https:\/\/www.foab.se\/noctu\/wp-content\/uploads\/2024\/04\/shutterstock_1769702894-1024x421.jpg\" alt=\"\" class=\"wp-image-869\" srcset=\"https:\/\/www.foab.se\/noctu\/wp-content\/uploads\/2024\/04\/shutterstock_1769702894-1024x421.jpg 1024w, https:\/\/www.foab.se\/noctu\/wp-content\/uploads\/2024\/04\/shutterstock_1769702894-300x123.jpg 300w, https:\/\/www.foab.se\/noctu\/wp-content\/uploads\/2024\/04\/shutterstock_1769702894-768x315.jpg 768w, https:\/\/www.foab.se\/noctu\/wp-content\/uploads\/2024\/04\/shutterstock_1769702894-1536x631.jpg 1536w, https:\/\/www.foab.se\/noctu\/wp-content\/uploads\/2024\/04\/shutterstock_1769702894-2048x841.jpg 2048w\" sizes=\"(max-width: 1024px) 100vw, 1024px\" \/><\/figure>\n<\/div>\n\n\n\n<div class=\"wp-block-column is-vertically-aligned-center is-layout-flow wp-block-column-is-layout-flow\" style=\"flex-basis:40%\">\n<h3 class=\"wp-block-heading is-style-default has-body-font-family\"><strong>Flexibel fakturering<\/strong><\/h3>\n\n\n\n<p>V\u00e4lj sj\u00e4lva hur ni vill faktueras f\u00f6r Noctu. \u00c5rsvis, kvartalsvis eller m\u00e5nadsvis. Med ink\u00f6pta licenser eller endast f\u00f6r Licens- och uppgraderingsavtalet. Vi \u00e4r flexibla och l\u00e4gger upp den modell som passar er verksamhet b\u00e4st. <\/p>\n<\/div>\n<\/div>\n<\/div>\n<\/div>\n","protected":false},"excerpt":{"rendered":"<p>Att investera i Noctu och f\u00e5 klarhet i vad som beh\u00f6vs och vad det kostar ser vi som en sj\u00e4lvklarhet. Vi f\u00f6rs\u00f6ker vara s\u00e5 transparenta som m\u00f6jligt mot v\u00e5ra kunder, b\u00e5de installat\u00f6rer och slutkunder. F\u00f6r att anv\u00e4nda Noctu betalar man f\u00f6r det som anv\u00e4nds, utan \u00f6verpriser. Tre systemniv\u00e5er Noctu finns i tre niv\u00e5er &#8211; Standard, [&hellip;]<\/p>\n","protected":false},"author":2,"featured_media":0,"parent":0,"menu_order":0,"comment_status":"closed","ping_status":"closed","template":"","meta":{"om_disable_all_campaigns":false,"_monsterinsights_skip_tracking":false,"_monsterinsights_sitenote_active":false,"_monsterinsights_sitenote_note":"","_monsterinsights_sitenote_category":0,"_uf_show_specific_survey":0,"_uf_disable_surveys":false,"footnotes":""},"aioseo_notices":[],"yoast_head":"<!-- This site is optimized with the Yoast SEO plugin v22.3 - https:\/\/yoast.com\/wordpress\/plugins\/seo\/ -->\n<title>Licensmodell - Noctu<\/title>\n<meta name=\"robots\" content=\"index, follow, max-snippet:-1, max-image-preview:large, max-video-preview:-1\" \/>\n<link rel=\"canonical\" href=\"https:\/\/www.foab.se\/noctu\/index.php\/licensmodell\/\" \/>\n<meta property=\"og:locale\" content=\"sv_SE\" \/>\n<meta property=\"og:type\" content=\"article\" \/>\n<meta property=\"og:title\" content=\"Licensmodell - Noctu\" \/>\n<meta property=\"og:description\" content=\"Att investera i Noctu och f\u00e5 klarhet i vad som beh\u00f6vs och vad det kostar ser vi som en sj\u00e4lvklarhet. Vi f\u00f6rs\u00f6ker vara s\u00e5 transparenta som m\u00f6jligt mot v\u00e5ra kunder, b\u00e5de installat\u00f6rer och slutkunder. F\u00f6r att anv\u00e4nda Noctu betalar man f\u00f6r det som anv\u00e4nds, utan \u00f6verpriser. Tre systemniv\u00e5er Noctu finns i tre niv\u00e5er &#8211; Standard, [&hellip;]\" \/>\n<meta property=\"og:url\" content=\"https:\/\/www.foab.se\/noctu\/index.php\/licensmodell\/\" \/>\n<meta property=\"og:site_name\" content=\"Noctu\" \/>\n<meta property=\"article:modified_time\" content=\"2024-04-03T12:35:59+00:00\" \/>\n<meta property=\"og:image\" content=\"https:\/\/www.foab.se\/noctu\/wp-content\/uploads\/2024\/04\/shutterstock_2261508025-1024x683.jpg\" \/>\n<meta name=\"twitter:card\" content=\"summary_large_image\" \/>\n<meta name=\"twitter:label1\" content=\"Ber\u00e4knad l\u00e4stid\" \/>\n\t<meta name=\"twitter:data1\" content=\"1 minut\" \/>\n<script type=\"application\/ld+json\" class=\"yoast-schema-graph\">{\"@context\":\"https:\/\/schema.org\",\"@graph\":[{\"@type\":\"WebPage\",\"@id\":\"https:\/\/www.foab.se\/noctu\/index.php\/licensmodell\/\",\"url\":\"https:\/\/www.foab.se\/noctu\/index.php\/licensmodell\/\",\"name\":\"Licensmodell - Noctu\",\"isPartOf\":{\"@id\":\"https:\/\/www.foab.se\/noctu\/#website\"},\"primaryImageOfPage\":{\"@id\":\"https:\/\/www.foab.se\/noctu\/index.php\/licensmodell\/#primaryimage\"},\"image\":{\"@id\":\"https:\/\/www.foab.se\/noctu\/index.php\/licensmodell\/#primaryimage\"},\"thumbnailUrl\":\"https:\/\/www.foab.se\/noctu\/wp-content\/uploads\/2024\/04\/shutterstock_2261508025-1024x683.jpg\",\"datePublished\":\"2024-03-06T08:36:32+00:00\",\"dateModified\":\"2024-04-03T12:35:59+00:00\",\"breadcrumb\":{\"@id\":\"https:\/\/www.foab.se\/noctu\/index.php\/licensmodell\/#breadcrumb\"},\"inLanguage\":\"sv-SE\",\"potentialAction\":[{\"@type\":\"ReadAction\",\"target\":[\"https:\/\/www.foab.se\/noctu\/index.php\/licensmodell\/\"]}]},{\"@type\":\"ImageObject\",\"inLanguage\":\"sv-SE\",\"@id\":\"https:\/\/www.foab.se\/noctu\/index.php\/licensmodell\/#primaryimage\",\"url\":\"https:\/\/www.foab.se\/noctu\/wp-content\/uploads\/2024\/04\/shutterstock_2261508025-scaled.jpg\",\"contentUrl\":\"https:\/\/www.foab.se\/noctu\/wp-content\/uploads\/2024\/04\/shutterstock_2261508025-scaled.jpg\",\"width\":2560,\"height\":1706},{\"@type\":\"BreadcrumbList\",\"@id\":\"https:\/\/www.foab.se\/noctu\/index.php\/licensmodell\/#breadcrumb\",\"itemListElement\":[{\"@type\":\"ListItem\",\"position\":1,\"name\":\"Home\",\"item\":\"https:\/\/www.foab.se\/noctu\/\"},{\"@type\":\"ListItem\",\"position\":2,\"name\":\"Licensmodell\"}]},{\"@type\":\"WebSite\",\"@id\":\"https:\/\/www.foab.se\/noctu\/#website\",\"url\":\"https:\/\/www.foab.se\/noctu\/\",\"name\":\"Noctu\",\"description\":\"\",\"publisher\":{\"@id\":\"https:\/\/www.foab.se\/noctu\/#organization\"},\"potentialAction\":[{\"@type\":\"SearchAction\",\"target\":{\"@type\":\"EntryPoint\",\"urlTemplate\":\"https:\/\/www.foab.se\/noctu\/?s={search_term_string}\"},\"query-input\":\"required name=search_term_string\"}],\"inLanguage\":\"sv-SE\"},{\"@type\":\"Organization\",\"@id\":\"https:\/\/www.foab.se\/noctu\/#organization\",\"name\":\"Noctu\",\"url\":\"https:\/\/www.foab.se\/noctu\/\",\"logo\":{\"@type\":\"ImageObject\",\"inLanguage\":\"sv-SE\",\"@id\":\"https:\/\/www.foab.se\/noctu\/#\/schema\/logo\/image\/\",\"url\":\"https:\/\/www.foab.se\/noctu\/wp-content\/uploads\/2024\/04\/image-1024x347-1-edited.png\",\"contentUrl\":\"https:\/\/www.foab.se\/noctu\/wp-content\/uploads\/2024\/04\/image-1024x347-1-edited.png\",\"width\":846,\"height\":287,\"caption\":\"Noctu\"},\"image\":{\"@id\":\"https:\/\/www.foab.se\/noctu\/#\/schema\/logo\/image\/\"}}]}<\/script>\n<!-- \/ Yoast SEO plugin. -->","yoast_head_json":{"title":"Licensmodell - Noctu","robots":{"index":"index","follow":"follow","max-snippet":"max-snippet:-1","max-image-preview":"max-image-preview:large","max-video-preview":"max-video-preview:-1"},"canonical":"https:\/\/www.foab.se\/noctu\/index.php\/licensmodell\/","og_locale":"sv_SE","og_type":"article","og_title":"Licensmodell - Noctu","og_description":"Att investera i Noctu och f\u00e5 klarhet i vad som beh\u00f6vs och vad det kostar ser vi som en sj\u00e4lvklarhet. Vi f\u00f6rs\u00f6ker vara s\u00e5 transparenta som m\u00f6jligt mot v\u00e5ra kunder, b\u00e5de installat\u00f6rer och slutkunder. F\u00f6r att anv\u00e4nda Noctu betalar man f\u00f6r det som anv\u00e4nds, utan \u00f6verpriser. Tre systemniv\u00e5er Noctu finns i tre niv\u00e5er &#8211; Standard, [&hellip;]","og_url":"https:\/\/www.foab.se\/noctu\/index.php\/licensmodell\/","og_site_name":"Noctu","article_modified_time":"2024-04-03T12:35:59+00:00","og_image":[{"url":"https:\/\/www.foab.se\/noctu\/wp-content\/uploads\/2024\/04\/shutterstock_2261508025-1024x683.jpg"}],"twitter_card":"summary_large_image","twitter_misc":{"Ber\u00e4knad l\u00e4stid":"1 minut"},"schema":{"@context":"https:\/\/schema.org","@graph":[{"@type":"WebPage","@id":"https:\/\/www.foab.se\/noctu\/index.php\/licensmodell\/","url":"https:\/\/www.foab.se\/noctu\/index.php\/licensmodell\/","name":"Licensmodell - Noctu","isPartOf":{"@id":"https:\/\/www.foab.se\/noctu\/#website"},"primaryImageOfPage":{"@id":"https:\/\/www.foab.se\/noctu\/index.php\/licensmodell\/#primaryimage"},"image":{"@id":"https:\/\/www.foab.se\/noctu\/index.php\/licensmodell\/#primaryimage"},"thumbnailUrl":"https:\/\/www.foab.se\/noctu\/wp-content\/uploads\/2024\/04\/shutterstock_2261508025-1024x683.jpg","datePublished":"2024-03-06T08:36:32+00:00","dateModified":"2024-04-03T12:35:59+00:00","breadcrumb":{"@id":"https:\/\/www.foab.se\/noctu\/index.php\/licensmodell\/#breadcrumb"},"inLanguage":"sv-SE","potentialAction":[{"@type":"ReadAction","target":["https:\/\/www.foab.se\/noctu\/index.php\/licensmodell\/"]}]},{"@type":"ImageObject","inLanguage":"sv-SE","@id":"https:\/\/www.foab.se\/noctu\/index.php\/licensmodell\/#primaryimage","url":"https:\/\/www.foab.se\/noctu\/wp-content\/uploads\/2024\/04\/shutterstock_2261508025-scaled.jpg","contentUrl":"https:\/\/www.foab.se\/noctu\/wp-content\/uploads\/2024\/04\/shutterstock_2261508025-scaled.jpg","width":2560,"height":1706},{"@type":"BreadcrumbList","@id":"https:\/\/www.foab.se\/noctu\/index.php\/licensmodell\/#breadcrumb","itemListElement":[{"@type":"ListItem","position":1,"name":"Home","item":"https:\/\/www.foab.se\/noctu\/"},{"@type":"ListItem","position":2,"name":"Licensmodell"}]},{"@type":"WebSite","@id":"https:\/\/www.foab.se\/noctu\/#website","url":"https:\/\/www.foab.se\/noctu\/","name":"Noctu","description":"","publisher":{"@id":"https:\/\/www.foab.se\/noctu\/#organization"},"potentialAction":[{"@type":"SearchAction","target":{"@type":"EntryPoint","urlTemplate":"https:\/\/www.foab.se\/noctu\/?s={search_term_string}"},"query-input":"required name=search_term_string"}],"inLanguage":"sv-SE"},{"@type":"Organization","@id":"https:\/\/www.foab.se\/noctu\/#organization","name":"Noctu","url":"https:\/\/www.foab.se\/noctu\/","logo":{"@type":"ImageObject","inLanguage":"sv-SE","@id":"https:\/\/www.foab.se\/noctu\/#\/schema\/logo\/image\/","url":"https:\/\/www.foab.se\/noctu\/wp-content\/uploads\/2024\/04\/image-1024x347-1-edited.png","contentUrl":"https:\/\/www.foab.se\/noctu\/wp-content\/uploads\/2024\/04\/image-1024x347-1-edited.png","width":846,"height":287,"caption":"Noctu"},"image":{"@id":"https:\/\/www.foab.se\/noctu\/#\/schema\/logo\/image\/"}}]}},"_links":{"self":[{"href":"https:\/\/www.foab.se\/noctu\/index.php\/wp-json\/wp\/v2\/pages\/319"}],"collection":[{"href":"https:\/\/www.foab.se\/noctu\/index.php\/wp-json\/wp\/v2\/pages"}],"about":[{"href":"https:\/\/www.foab.se\/noctu\/index.php\/wp-json\/wp\/v2\/types\/page"}],"author":[{"embeddable":true,"href":"https:\/\/www.foab.se\/noctu\/index.php\/wp-json\/wp\/v2\/users\/2"}],"replies":[{"embeddable":true,"href":"https:\/\/www.foab.se\/noctu\/index.php\/wp-json\/wp\/v2\/comments?post=319"}],"version-history":[{"count":2,"href":"https:\/\/www.foab.se\/noctu\/index.php\/wp-json\/wp\/v2\/pages\/319\/revisions"}],"predecessor-version":[{"id":870,"href":"https:\/\/www.foab.se\/noctu\/index.php\/wp-json\/wp\/v2\/pages\/319\/revisions\/870"}],"wp:attachment":[{"href":"https:\/\/www.foab.se\/noctu\/index.php\/wp-json\/wp\/v2\/media?parent=319"}],"curies":[{"name":"wp","href":"https:\/\/api.w.org\/{rel}","templated":true}]}}